{"id":106,"date":"2018-05-02T14:05:57","date_gmt":"2018-05-02T12:05:57","guid":{"rendered":"http:\/\/hsv-gmbh.de\/wp2018\/?page_id=106"},"modified":"2024-12-11T12:34:10","modified_gmt":"2024-12-11T11:34:10","slug":"ferienjobs","status":"publish","type":"page","link":"https:\/\/hsv-gmbh.de\/en\/karriere\/ferienjobs\/","title":{"rendered":"Ferienjobs"},"content":{"rendered":"<div class=\"wpb-content-wrapper\">[vc_section][vc_row css=&#8221;.vc_custom_1525785425492{margin-bottom: 30px !important;}&#8221;][vc_column][vc_custom_heading text=&#8221;Das Taschengeld aufbessern und Berufserfahrung sammeln? Hier geht`s zu den Ferienjobs.&#8221; font_container=&#8221;tag:h1|text_align:left&#8221; use_theme_fonts=&#8221;yes&#8221; el_class=&#8221;page-heading&#8221;][\/vc_column][\/vc_row][vc_row][vc_column]   <div class=\"uk-panel wv-hoverbox-01 \">\r\n\r\n          <figure class=\"uk-overlay uk-overlay-hover\" style=\"width:100%;\">\r\n              <div class=\"bg-holder\" style=\"height:400px;background-image:url('https:\/\/hsv-gmbh.de\/wp-content\/uploads\/2018\/05\/vdma-1024x739.jpg')\">\r\n\r\n              <\/div>\r\n                                    <div class=\"uk-overlay-panel uk-overlay-background uk-overlay-fade\"><\/div>\r\n                   <div class=\"uk-overlay-panel uk-overlay-fade uk-flex uk-flex-center uk-flex-middle uk-text-center\">\r\n                       <div>\r\n                                           <h3 class=\"uk-panel-title uk-margin-small\">Ich bin der Titel<\/h3>\r\n                                           <div class=\"uk-margin-small\"><div class=\"tm-overlay-meta\">Ich bin der Untertitel<\/div><\/div>\r\n                       <\/div>\r\n                   <\/div>\r\n\r\n<\/figure><\/div>[\/vc_column][\/vc_row][\/vc_section][vc_section css=&#8221;.vc_custom_1525785620732{margin-top: 30px !important;}&#8221;][vc_row equal_height=&#8221;yes&#8221;][vc_column width=&#8221;1\/2&#8243;][vc_column_text]Wir geben Sch\u00fclern, Studenten und angehenden Studenten Gelegenheit, im Rahmen ihrer Schul- und Semesterferien praktische Erfahrungen in der Welt der Dosiermaschinen und der Abf\u00fcllsysteme zu sammeln und zus\u00e4tzlich das eigene Budget aufzustocken.\r\n\r\nWir freuen uns auf engagierte Mitarbeiter, die Lust haben, unser Team zu verst\u00e4rken.\r\n\r\nWenn auch Sie uns unterst\u00fctzen wollen, dann bewerben Sie sich unter <a href=\"mailto:personal@hsv-gmbh.de\">personal@hsv-gmbh.de<\/a>\r\n\r\nBitte teilen Sie uns in Ihrer Bewerbung mit, in welchem Zeitraum Sie bei uns arbeiten m\u00f6chten.[\/vc_column_text][\/vc_column][vc_column width=&#8221;1\/2&#8243; css=&#8221;.vc_custom_1525266997961{margin-right: 5px !important;margin-left: 5px !important;}&#8221; el_class=&#8221;home-box no-underline&#8221;][vc_custom_heading text=&#8221;Voraussetzung f\u00fcr eine Ferienbesch\u00e4ftigung:&#8221; use_theme_fonts=&#8221;yes&#8221; el_class=&#8221;heading-small&#8221; css=&#8221;.vc_custom_1525785630162{margin-bottom: 15px !important;}&#8221;]   <span class=\"wv-list-item \" style='color:#222222;'><i class=\"uk-icon-circle\"><\/i>\r\n     <div>\r\n      Vollendung des 18. Lebensjahres \r\n     <\/div>\r\n   <\/span>   <span class=\"wv-list-item \" style='color:#222222;'><i class=\"uk-icon-circle\"><\/i>\r\n     <div>\r\n      Mindestbesch\u00e4ftigungsdauer: in der Regel zwei Wochen\r\n     <\/div>\r\n   <\/span>   <span class=\"wv-list-item \" style='color:#222222;'><i class=\"uk-icon-circle\"><\/i>\r\n     <div>\r\n      Schulbescheinigung oder Immatrikulation\r\n     <\/div>\r\n   <\/span>   <span class=\"wv-list-item \" style='color:#222222;'><i class=\"uk-icon-circle\"><\/i>\r\n     <div>\r\n      Nicht-EU- und Neu-EU-B\u00fcrger ben\u00f6tigen eine f\u00fcr die gesamte Dauer der Ferienbesch\u00e4ftigung g\u00fcltige Aufenthalts- und Arbeitserlaubnis.\r\n     <\/div>\r\n   <\/span>[\/vc_column][\/vc_row][\/vc_section]<\/div>","protected":false},"excerpt":{"rendered":"<p>[vc_section][vc_row css=&#8221;.vc_custom_1525785425492{margin-bottom: 30px !important;}&#8221;][vc_column][vc_custom_heading text=&#8221;Das Taschengeld aufbessern und Berufserfahrung sammeln? Hier geht`s zu den Ferienjobs.&#8221; font_container=&#8221;tag:h1|text_align:left&#8221; use_theme_fonts=&#8221;yes&#8221; el_class=&#8221;page-heading&#8221;][\/vc_column][\/vc_row][vc_row][vc_column][\/vc_column][\/vc_row][\/vc_section][vc_section css=&#8221;.vc_custom_1525785620732{margin-top: 30px !important;}&#8221;][vc_row equal_height=&#8221;yes&#8221;][vc_column width=&#8221;1\/2&#8243;][vc_column_text]Wir geben Sch\u00fclern, Studenten und angehenden Studenten Gelegenheit, im Rahmen ihrer Schul- und Semesterferien praktische Erfahrungen in der Welt der Dosiermaschinen und der Abf\u00fcllsysteme zu sammeln und zus\u00e4tzlich das eigene Budget aufzustocken. Wir [&hellip;]<\/p>\n","protected":false},"author":1,"featured_media":0,"parent":14,"menu_order":0,"comment_status":"closed","ping_status":"closed","template":"","meta":{"footnotes":""},"class_list":["post-106","page","type-page","status-publish","hentry"],"yoast_head":"<!-- This site is optimized with the Yoast SEO plugin v23.5 - https:\/\/yoast.com\/wordpress\/plugins\/seo\/ -->\n<title>Ferienjobs - HSV GmbH<\/title>\n<meta name=\"description\" content=\"Ferienjobs bei der HSV \u2013 hier werden Chancen geschaffen und spannende Herausforderungen gemeistert. Bewerben Sie sich jetzt!\" \/>\n<meta name=\"robots\" content=\"index, follow, max-snippet:-1, max-image-preview:large, max-video-preview:-1\" \/>\n<link rel=\"canonical\" href=\"https:\/\/hsv-gmbh.de\/karriere\/ferienjobs\/\" \/>\n<meta property=\"og:locale\" content=\"en_US\" \/>\n<meta property=\"og:type\" content=\"article\" \/>\n<meta property=\"og:title\" content=\"Ferienjobs - HSV GmbH\" \/>\n<meta property=\"og:description\" content=\"{:de}Ferienjobs bei der HSV \u2013 hier werden Chancen geschaffen und spannende Herausforderungen gemeistert. Bewerben Sie sich jetzt! {:}\" \/>\n<meta property=\"og:url\" content=\"https:\/\/hsv-gmbh.de\/karriere\/ferienjobs\/\" \/>\n<meta property=\"og:site_name\" content=\"HSV GmbH\" \/>\n<meta property=\"article:modified_time\" content=\"2024-12-11T11:34:10+00:00\" \/>\n<meta name=\"twitter:card\" content=\"summary_large_image\" \/>\n<meta name=\"twitter:label1\" content=\"Est. reading time\" \/>\n\t<meta name=\"twitter:data1\" content=\"2 minutes\" \/>\n<script type=\"application\/ld+json\" class=\"yoast-schema-graph\">{\"@context\":\"https:\/\/schema.org\",\"@graph\":[{\"@type\":\"WebPage\",\"@id\":\"https:\/\/hsv-gmbh.de\/karriere\/ferienjobs\/\",\"url\":\"https:\/\/hsv-gmbh.de\/karriere\/ferienjobs\/\",\"name\":\"Ferienjobs - HSV GmbH\",\"isPartOf\":{\"@id\":\"https:\/\/hsv-gmbh.de\/#website\"},\"datePublished\":\"2018-05-02T12:05:57+00:00\",\"dateModified\":\"2024-12-11T11:34:10+00:00\",\"description\":\"{:de}Ferienjobs bei der HSV \u2013 hier werden Chancen geschaffen und spannende Herausforderungen gemeistert. Bewerben Sie sich jetzt! {:}\",\"breadcrumb\":{\"@id\":\"https:\/\/hsv-gmbh.de\/karriere\/ferienjobs\/#breadcrumb\"},\"inLanguage\":\"en-US\",\"potentialAction\":[{\"@type\":\"ReadAction\",\"target\":[\"https:\/\/hsv-gmbh.de\/karriere\/ferienjobs\/\"]}]},{\"@type\":\"BreadcrumbList\",\"@id\":\"https:\/\/hsv-gmbh.de\/karriere\/ferienjobs\/#breadcrumb\",\"itemListElement\":[{\"@type\":\"ListItem\",\"position\":1,\"name\":\"Startseite\",\"item\":\"https:\/\/hsv-gmbh.de\/\"},{\"@type\":\"ListItem\",\"position\":2,\"name\":\"Karriere\",\"item\":\"https:\/\/hsv-gmbh.de\/karriere\/\"},{\"@type\":\"ListItem\",\"position\":3,\"name\":\"Ferienjobs\"}]},{\"@type\":\"WebSite\",\"@id\":\"https:\/\/hsv-gmbh.de\/#website\",\"url\":\"https:\/\/hsv-gmbh.de\/\",\"name\":\"HSV GmbH\",\"description\":\"Sondermaschinenbau\",\"potentialAction\":[{\"@type\":\"SearchAction\",\"target\":{\"@type\":\"EntryPoint\",\"urlTemplate\":\"https:\/\/hsv-gmbh.de\/?s={search_term_string}\"},\"query-input\":{\"@type\":\"PropertyValueSpecification\",\"valueRequired\":true,\"valueName\":\"search_term_string\"}}],\"inLanguage\":\"en-US\"}]}<\/script>\n<!-- \/ Yoast SEO plugin. -->","yoast_head_json":{"title":"Ferienjobs - HSV GmbH","description":"Ferienjobs bei der HSV \u2013 hier werden Chancen geschaffen und spannende Herausforderungen gemeistert. Bewerben Sie sich jetzt!","robots":{"index":"index","follow":"follow","max-snippet":"max-snippet:-1","max-image-preview":"max-image-preview:large","max-video-preview":"max-video-preview:-1"},"canonical":"https:\/\/hsv-gmbh.de\/karriere\/ferienjobs\/","og_locale":"en_US","og_type":"article","og_title":"Ferienjobs - HSV GmbH","og_description":"{:de}Ferienjobs bei der HSV \u2013 hier werden Chancen geschaffen und spannende Herausforderungen gemeistert. Bewerben Sie sich jetzt! {:}","og_url":"https:\/\/hsv-gmbh.de\/karriere\/ferienjobs\/","og_site_name":"HSV GmbH","article_modified_time":"2024-12-11T11:34:10+00:00","twitter_card":"summary_large_image","twitter_misc":{"Est. reading time":"2 minutes"},"schema":{"@context":"https:\/\/schema.org","@graph":[{"@type":"WebPage","@id":"https:\/\/hsv-gmbh.de\/karriere\/ferienjobs\/","url":"https:\/\/hsv-gmbh.de\/karriere\/ferienjobs\/","name":"Ferienjobs - HSV GmbH","isPartOf":{"@id":"https:\/\/hsv-gmbh.de\/#website"},"datePublished":"2018-05-02T12:05:57+00:00","dateModified":"2024-12-11T11:34:10+00:00","description":"{:de}Ferienjobs bei der HSV \u2013 hier werden Chancen geschaffen und spannende Herausforderungen gemeistert. Bewerben Sie sich jetzt! {:}","breadcrumb":{"@id":"https:\/\/hsv-gmbh.de\/karriere\/ferienjobs\/#breadcrumb"},"inLanguage":"en-US","potentialAction":[{"@type":"ReadAction","target":["https:\/\/hsv-gmbh.de\/karriere\/ferienjobs\/"]}]},{"@type":"BreadcrumbList","@id":"https:\/\/hsv-gmbh.de\/karriere\/ferienjobs\/#breadcrumb","itemListElement":[{"@type":"ListItem","position":1,"name":"Startseite","item":"https:\/\/hsv-gmbh.de\/"},{"@type":"ListItem","position":2,"name":"Karriere","item":"https:\/\/hsv-gmbh.de\/karriere\/"},{"@type":"ListItem","position":3,"name":"Ferienjobs"}]},{"@type":"WebSite","@id":"https:\/\/hsv-gmbh.de\/#website","url":"https:\/\/hsv-gmbh.de\/","name":"HSV GmbH","description":"Sondermaschinenbau","potentialAction":[{"@type":"SearchAction","target":{"@type":"EntryPoint","urlTemplate":"https:\/\/hsv-gmbh.de\/?s={search_term_string}"},"query-input":{"@type":"PropertyValueSpecification","valueRequired":true,"valueName":"search_term_string"}}],"inLanguage":"en-US"}]}},"_links":{"self":[{"href":"https:\/\/hsv-gmbh.de\/en\/wp-json\/wp\/v2\/pages\/106"}],"collection":[{"href":"https:\/\/hsv-gmbh.de\/en\/wp-json\/wp\/v2\/pages"}],"about":[{"href":"https:\/\/hsv-gmbh.de\/en\/wp-json\/wp\/v2\/types\/page"}],"author":[{"embeddable":true,"href":"https:\/\/hsv-gmbh.de\/en\/wp-json\/wp\/v2\/users\/1"}],"replies":[{"embeddable":true,"href":"https:\/\/hsv-gmbh.de\/en\/wp-json\/wp\/v2\/comments?post=106"}],"version-history":[{"count":9,"href":"https:\/\/hsv-gmbh.de\/en\/wp-json\/wp\/v2\/pages\/106\/revisions"}],"predecessor-version":[{"id":397,"href":"https:\/\/hsv-gmbh.de\/en\/wp-json\/wp\/v2\/pages\/106\/revisions\/397"}],"up":[{"embeddable":true,"href":"https:\/\/hsv-gmbh.de\/en\/wp-json\/wp\/v2\/pages\/14"}],"wp:attachment":[{"href":"https:\/\/hsv-gmbh.de\/en\/wp-json\/wp\/v2\/media?parent=106"}],"curies":[{"name":"wp","href":"https:\/\/api.w.org\/{rel}","templated":true}]}}