{"id":118,"date":"2018-05-02T14:10:21","date_gmt":"2018-05-02T12:10:21","guid":{"rendered":"http:\/\/hsv-gmbh.de\/wp2018\/?page_id=118"},"modified":"2024-12-11T12:32:32","modified_gmt":"2024-12-11T11:32:32","slug":"ueber-uns","status":"publish","type":"page","link":"https:\/\/hsv-gmbh.de\/en\/unternehmen\/ueber-uns\/","title":{"rendered":"\u00dcber uns"},"content":{"rendered":"<div class=\"wpb-content-wrapper\">[vc_section][\/vc_section][vc_section][vc_row][vc_column][vc_custom_heading text=&#8221;We have customized and standard solutions to any special machinery construction needs. &#8221; font_container=&#8221;tag:h1|text_align:left&#8221; use_theme_fonts=&#8221;yes&#8221; el_class=&#8221;page-heading&#8221; css=&#8221;.vc_custom_1528976123032{margin-bottom: 30px !important;}&#8221;][\/vc_column][\/vc_row][vc_row][vc_column]   <div class=\"uk-panel wv-hoverbox-01 \">\r\n\r\n          <figure class=\"uk-overlay uk-overlay-hover\" style=\"width:100%;\">\r\n              <div class=\"bg-holder\" style=\"height:400px;background-image:url('https:\/\/hsv-gmbh.de\/wp-content\/uploads\/2018\/05\/vdma-1024x739.jpg')\">\r\n\r\n              <\/div>\r\n              \r\n\r\n<\/figure><\/div>[\/vc_column][\/vc_row][vc_row css=&#8221;.vc_custom_1525268446176{margin-top: 20px !important;}&#8221;][vc_column][vc_column_text]HSV GmbH is an innovative machine construction corporation that is a global leader in handling, packaging and filling materials with ranging viscosities and chemical reactivity. Manufacturers of medical and dental products, as well as the food, adhesives, and sealant industry rely on the extensive experience of HSV. We offer standard solutions as well as customized machine solutions for one and two component packaging systems. As general contractors, we undertake the design, development, and project management of complete filling systems. Beyond filling and sealing these systems, we can provide solutions for assembly, packaging, labeling and palletizing of goods.[\/vc_column_text][\/vc_column][\/vc_row][\/vc_section][vc_section][vc_row equal_height=&#8221;yes&#8221;][vc_column width=&#8221;1\/2&#8243; css=&#8221;.vc_custom_1525266997961{margin-right: 5px !important;margin-left: 5px !important;}&#8221; el_class=&#8221;home-box no-underline&#8221;][vc_custom_heading text=&#8221;Unique attributes that set us apart from other filling-machine manufacturers:&#8221; use_theme_fonts=&#8221;yes&#8221; el_class=&#8221;heading-small&#8221; css=&#8221;.vc_custom_1528976178405{margin-bottom: 15px !important;}&#8221;]   <span class=\"wv-list-item \" style='color:#222222;'><i class=\"uk-icon-circle\"><\/i>\r\n     <div>\r\n      Via our sister company, Lohnpack GmbH, we have extensive knowledge and experience in material-filling and packaging.\r\n     <\/div>\r\n   <\/span>   <span class=\"wv-list-item \" style='color:#222222;'><i class=\"uk-icon-circle\"><\/i>\r\n     <div>\r\n      We offer in-house trial fillings of your products (Lohnpack GmbH).\r\n     <\/div>\r\n   <\/span>   <span class=\"wv-list-item \" style='color:#222222;'><i class=\"uk-icon-circle\"><\/i>\r\n     <div>\r\n      We are pioneers in the use of state of the art technologies such as servo, vision and robot systems for special-purpose machinery design and construction.\r\n     <\/div>\r\n   <\/span>   <span class=\"wv-list-item \" style='color:#222222;'><i class=\"uk-icon-circle\"><\/i>\r\n     <div>\r\n      We continuously optimize our base models for the highest standards.\r\n     <\/div>\r\n   <\/span>   <span class=\"wv-list-item \" style='color:#222222;'><i class=\"uk-icon-circle\"><\/i>\r\n     <div>\r\n      Utilizing X-ray technology enables the optimization of software settings and machine part design. \r\n     <\/div>\r\n   <\/span>   <span class=\"wv-list-item \" style='color:#222222;'><i class=\"uk-icon-circle\"><\/i>\r\n     <div>\r\n      As a service standard, we provide remote maintenance service and software for the analyses of production-data. \r\n     <\/div>\r\n   <\/span>[\/vc_column][vc_column width=&#8221;1\/2&#8243;][vc_custom_heading text=&#8221;We are leaders in the realm of fill-technology&#8221; use_theme_fonts=&#8221;yes&#8221; el_class=&#8221;heading-small&#8221;][vc_column_text]HSV was founded in 1999 based on the realization that packaging and filling materials, in conjunction with filling and packaging processes, must be considered in their entirety.\r\n\r\n&nbsp;\r\n\r\nWith the branching out from <a href=\"http:\/\/lohnpack.info\">Lohnpack GmbH<\/a>, the founding members focused the attention of the newly found company on special challenges, innovative applications, and international presence. This quickly grabbed the attention of medical, dental, chemical, electrical, and aerospace industries in need of highly specialized and customized filling processes which lead to our first joint projects.[\/vc_column_text][\/vc_column][\/vc_row][vc_row equal_height=&#8221;yes&#8221; css=&#8221;.vc_custom_1525770983526{margin-top: 40px !important;}&#8221;][vc_column width=&#8221;1\/2&#8243;][vc_custom_heading text=&#8221;Customized Filling Processes \u2013 economical and efficient&#8221; use_theme_fonts=&#8221;yes&#8221; el_class=&#8221;heading-small&#8221;][vc_column_text]Our extensive experience, decisive and competent team, and modern office and production facilities allow us to meet any for your special machinery construction needs. Whether it\u2019s about the millimeter precise dosing system or the air-free filling of highly viscous, moisture-reactive, polyurethane into 200L lined hermetic drums with fumigation potential &#8212; we can solve any of your problems, big or small.\r\n\r\n&nbsp;\r\n\r\nOur competence in terms of time management is a major factor in the recommendation of HSV GmbH by leading packaging material manufacturers. Our characteristic reliability in terms of project completion and adherence to delivery dates, as well as a high level of efficiency through meticulously scheduled project plans, accentuate us from other special machine constructors.[\/vc_column_text][\/vc_column][vc_column width=&#8221;1\/2&#8243;]   <div class=\"uk-panel wv-hoverbox-01 \">\r\n\r\n          <figure class=\"uk-overlay uk-overlay-hover\" style=\"width:100%;\">\r\n              <div class=\"bg-holder\" style=\"height:300px;background-image:url('https:\/\/hsv-gmbh.de\/wp-content\/uploads\/2018\/05\/vdma_bosch-article-1024x739.jpg')\">\r\n\r\n              <\/div>\r\n              \r\n\r\n<\/figure><\/div>[\/vc_column][\/vc_row][\/vc_section]<\/div>","protected":false},"excerpt":{"rendered":"<p>[vc_section][\/vc_section][vc_section][vc_row][vc_column][vc_custom_heading text=&#8221;We have customized and standard solutions to any special machinery construction needs. &#8221; font_container=&#8221;tag:h1|text_align:left&#8221; use_theme_fonts=&#8221;yes&#8221; el_class=&#8221;page-heading&#8221; css=&#8221;.vc_custom_1528976123032{margin-bottom: 30px !important;}&#8221;][\/vc_column][\/vc_row][vc_row][vc_column][\/vc_column][\/vc_row][vc_row css=&#8221;.vc_custom_1525268446176{margin-top: 20px !important;}&#8221;][vc_column][vc_column_text]HSV GmbH is an innovative machine construction corporation that is a global leader in handling, packaging and filling materials with ranging viscosities and chemical reactivity. Manufacturers of medical and dental products, as well [&hellip;]<\/p>\n","protected":false},"author":1,"featured_media":0,"parent":8,"menu_order":0,"comment_status":"closed","ping_status":"closed","template":"","meta":{"footnotes":""},"class_list":["post-118","page","type-page","status-publish","hentry"],"yoast_head":"<!-- This site is optimized with the Yoast SEO plugin v23.5 - https:\/\/yoast.com\/wordpress\/plugins\/seo\/ -->\n<title>\u00dcber uns - HSV GmbH Sondermaschinen Spezialist f\u00fcr Abf\u00fclltechnik<\/title>\n<meta name=\"description\" content=\"Ob Abf\u00fcllanlagen, Dosiersysteme oder Etikettierung \u2013 die HSV ist zuverl\u00e4ssiger und wirtschaftlicher Partner beim Sondermaschinenbau.\" \/>\n<meta name=\"robots\" content=\"index, follow, max-snippet:-1, max-image-preview:large, max-video-preview:-1\" \/>\n<link rel=\"canonical\" href=\"https:\/\/hsv-gmbh.de\/unternehmen\/ueber-uns\/\" \/>\n<meta property=\"og:locale\" content=\"en_US\" \/>\n<meta property=\"og:type\" content=\"article\" \/>\n<meta property=\"og:title\" content=\"[:de]\u00dcber uns - HSV GmbH Sondermaschinen Spezialist f\u00fcr Abf\u00fclltechnik [:]\" \/>\n<meta property=\"og:description\" content=\"{:de}Ob Abf\u00fcllanlagen, Dosiersysteme oder Etikettierung \u2013 die HSV ist zuverl\u00e4ssiger und wirtschaftlicher Partner beim Sondermaschinenbau.{:}\" \/>\n<meta property=\"og:url\" content=\"https:\/\/hsv-gmbh.de\/unternehmen\/ueber-uns\/\" \/>\n<meta property=\"og:site_name\" content=\"HSV GmbH\" \/>\n<meta property=\"article:modified_time\" content=\"2024-12-11T11:32:32+00:00\" \/>\n<meta name=\"twitter:card\" content=\"summary_large_image\" \/>\n<meta name=\"twitter:label1\" content=\"Est. reading time\" \/>\n\t<meta name=\"twitter:data1\" content=\"6 minutes\" \/>\n<script type=\"application\/ld+json\" class=\"yoast-schema-graph\">{\"@context\":\"https:\/\/schema.org\",\"@graph\":[{\"@type\":\"WebPage\",\"@id\":\"https:\/\/hsv-gmbh.de\/unternehmen\/ueber-uns\/\",\"url\":\"https:\/\/hsv-gmbh.de\/unternehmen\/ueber-uns\/\",\"name\":\"[:de]\u00dcber uns - HSV GmbH Sondermaschinen Spezialist f\u00fcr Abf\u00fclltechnik [:]\",\"isPartOf\":{\"@id\":\"https:\/\/hsv-gmbh.de\/#website\"},\"datePublished\":\"2018-05-02T12:10:21+00:00\",\"dateModified\":\"2024-12-11T11:32:32+00:00\",\"description\":\"{:de}Ob Abf\u00fcllanlagen, Dosiersysteme oder Etikettierung \u2013 die HSV ist zuverl\u00e4ssiger und wirtschaftlicher Partner beim Sondermaschinenbau.{:}\",\"breadcrumb\":{\"@id\":\"https:\/\/hsv-gmbh.de\/unternehmen\/ueber-uns\/#breadcrumb\"},\"inLanguage\":\"en-US\",\"potentialAction\":[{\"@type\":\"ReadAction\",\"target\":[\"https:\/\/hsv-gmbh.de\/unternehmen\/ueber-uns\/\"]}]},{\"@type\":\"BreadcrumbList\",\"@id\":\"https:\/\/hsv-gmbh.de\/unternehmen\/ueber-uns\/#breadcrumb\",\"itemListElement\":[{\"@type\":\"ListItem\",\"position\":1,\"name\":\"Startseite\",\"item\":\"https:\/\/hsv-gmbh.de\/\"},{\"@type\":\"ListItem\",\"position\":2,\"name\":\"Unternehmen\",\"item\":\"https:\/\/hsv-gmbh.de\/unternehmen\/\"},{\"@type\":\"ListItem\",\"position\":3,\"name\":\"\u00dcber uns\"}]},{\"@type\":\"WebSite\",\"@id\":\"https:\/\/hsv-gmbh.de\/#website\",\"url\":\"https:\/\/hsv-gmbh.de\/\",\"name\":\"HSV GmbH\",\"description\":\"Sondermaschinenbau\",\"potentialAction\":[{\"@type\":\"SearchAction\",\"target\":{\"@type\":\"EntryPoint\",\"urlTemplate\":\"https:\/\/hsv-gmbh.de\/?s={search_term_string}\"},\"query-input\":{\"@type\":\"PropertyValueSpecification\",\"valueRequired\":true,\"valueName\":\"search_term_string\"}}],\"inLanguage\":\"en-US\"}]}<\/script>\n<!-- \/ Yoast SEO plugin. -->","yoast_head_json":{"title":"\u00dcber uns - HSV GmbH Sondermaschinen Spezialist f\u00fcr Abf\u00fclltechnik","description":"Ob Abf\u00fcllanlagen, Dosiersysteme oder Etikettierung \u2013 die HSV ist zuverl\u00e4ssiger und wirtschaftlicher Partner beim Sondermaschinenbau.","robots":{"index":"index","follow":"follow","max-snippet":"max-snippet:-1","max-image-preview":"max-image-preview:large","max-video-preview":"max-video-preview:-1"},"canonical":"https:\/\/hsv-gmbh.de\/unternehmen\/ueber-uns\/","og_locale":"en_US","og_type":"article","og_title":"[:de]\u00dcber uns - HSV GmbH Sondermaschinen Spezialist f\u00fcr Abf\u00fclltechnik [:]","og_description":"{:de}Ob Abf\u00fcllanlagen, Dosiersysteme oder Etikettierung \u2013 die HSV ist zuverl\u00e4ssiger und wirtschaftlicher Partner beim Sondermaschinenbau.{:}","og_url":"https:\/\/hsv-gmbh.de\/unternehmen\/ueber-uns\/","og_site_name":"HSV GmbH","article_modified_time":"2024-12-11T11:32:32+00:00","twitter_card":"summary_large_image","twitter_misc":{"Est. reading time":"6 minutes"},"schema":{"@context":"https:\/\/schema.org","@graph":[{"@type":"WebPage","@id":"https:\/\/hsv-gmbh.de\/unternehmen\/ueber-uns\/","url":"https:\/\/hsv-gmbh.de\/unternehmen\/ueber-uns\/","name":"[:de]\u00dcber uns - HSV GmbH Sondermaschinen Spezialist f\u00fcr Abf\u00fclltechnik [:]","isPartOf":{"@id":"https:\/\/hsv-gmbh.de\/#website"},"datePublished":"2018-05-02T12:10:21+00:00","dateModified":"2024-12-11T11:32:32+00:00","description":"{:de}Ob Abf\u00fcllanlagen, Dosiersysteme oder Etikettierung \u2013 die HSV ist zuverl\u00e4ssiger und wirtschaftlicher Partner beim Sondermaschinenbau.{:}","breadcrumb":{"@id":"https:\/\/hsv-gmbh.de\/unternehmen\/ueber-uns\/#breadcrumb"},"inLanguage":"en-US","potentialAction":[{"@type":"ReadAction","target":["https:\/\/hsv-gmbh.de\/unternehmen\/ueber-uns\/"]}]},{"@type":"BreadcrumbList","@id":"https:\/\/hsv-gmbh.de\/unternehmen\/ueber-uns\/#breadcrumb","itemListElement":[{"@type":"ListItem","position":1,"name":"Startseite","item":"https:\/\/hsv-gmbh.de\/"},{"@type":"ListItem","position":2,"name":"Unternehmen","item":"https:\/\/hsv-gmbh.de\/unternehmen\/"},{"@type":"ListItem","position":3,"name":"\u00dcber uns"}]},{"@type":"WebSite","@id":"https:\/\/hsv-gmbh.de\/#website","url":"https:\/\/hsv-gmbh.de\/","name":"HSV GmbH","description":"Sondermaschinenbau","potentialAction":[{"@type":"SearchAction","target":{"@type":"EntryPoint","urlTemplate":"https:\/\/hsv-gmbh.de\/?s={search_term_string}"},"query-input":{"@type":"PropertyValueSpecification","valueRequired":true,"valueName":"search_term_string"}}],"inLanguage":"en-US"}]}},"_links":{"self":[{"href":"https:\/\/hsv-gmbh.de\/en\/wp-json\/wp\/v2\/pages\/118"}],"collection":[{"href":"https:\/\/hsv-gmbh.de\/en\/wp-json\/wp\/v2\/pages"}],"about":[{"href":"https:\/\/hsv-gmbh.de\/en\/wp-json\/wp\/v2\/types\/page"}],"author":[{"embeddable":true,"href":"https:\/\/hsv-gmbh.de\/en\/wp-json\/wp\/v2\/users\/1"}],"replies":[{"embeddable":true,"href":"https:\/\/hsv-gmbh.de\/en\/wp-json\/wp\/v2\/comments?post=118"}],"version-history":[{"count":10,"href":"https:\/\/hsv-gmbh.de\/en\/wp-json\/wp\/v2\/pages\/118\/revisions"}],"predecessor-version":[{"id":467,"href":"https:\/\/hsv-gmbh.de\/en\/wp-json\/wp\/v2\/pages\/118\/revisions\/467"}],"up":[{"embeddable":true,"href":"https:\/\/hsv-gmbh.de\/en\/wp-json\/wp\/v2\/pages\/8"}],"wp:attachment":[{"href":"https:\/\/hsv-gmbh.de\/en\/wp-json\/wp\/v2\/media?parent=118"}],"curies":[{"name":"wp","href":"https:\/\/api.w.org\/{rel}","templated":true}]}}