{"id":12,"date":"2018-05-02T11:44:00","date_gmt":"2018-05-02T09:44:00","guid":{"rendered":"http:\/\/hsv-gmbh.de\/wp2018\/?page_id=12"},"modified":"2019-01-21T10:46:59","modified_gmt":"2019-01-21T09:46:59","slug":"servicequalitaet","status":"publish","type":"page","link":"https:\/\/hsv-gmbh.de\/en\/servicequalitaet\/","title":{"rendered":"Service&#038;Qualit\u00e4t"},"content":{"rendered":"<div class=\"wpb-content-wrapper\">[vc_section][vc_row][vc_column][vc_custom_heading text=&#8221;Filling technology at HSV \u2013 a greater performance capacity in terms of special machinery construction&#8221; font_container=&#8221;tag:h1|text_align:left&#8221; use_theme_fonts=&#8221;yes&#8221; el_class=&#8221;page-heading&#8221;][vc_custom_heading text=&#8221;We supply you with personalized problem solutions and comprehensive service.&#8221; use_theme_fonts=&#8221;yes&#8221; el_class=&#8221;page-subheading&#8221;][\/vc_column][\/vc_row][vc_row][vc_column]   <div class=\"uk-panel wv-hoverbox-01 \">\r\n\r\n          <figure class=\"uk-overlay uk-overlay-hover\" style=\"width:100%;\">\r\n              <div class=\"bg-holder\" style=\"height:400px;background-image:url('https:\/\/hsv-gmbh.de\/wp-content\/uploads\/2018\/05\/vdma-1024x739.jpg')\">\r\n\r\n              <\/div>\r\n              \r\n\r\n<\/figure><\/div>[\/vc_column][\/vc_row][vc_row css=&#8221;.vc_custom_1525268446176{margin-top: 20px !important;}&#8221;][vc_column][vc_column_text]Our comprehensive knowledge is the result of many years of experience in the field of packaging and filling technology.\r\n\r\nWe will establish contact with you as early as the project planning phase. Your problems are our main concern, and will be meticulously examined to find the best solution. Each of the following steps of the project plan up to the delivery and installation of the product (SAT) will be thoroughly communicated with you. Innovation and solution oriented actions will be our main focus throughout the project.\r\n\r\nShould you experience any sort of delayed malfunctions despite our exemplary craftsmanship, do not hesitate to call! Over 90% of problems can be resolved via phone diagnosis or remote maintenance.[\/vc_column_text][\/vc_column][\/vc_row][\/vc_section][vc_section][vc_row equal_height=&#8221;yes&#8221;][vc_column][vc_single_image image=&#8221;243&#8243; img_size=&#8221;full&#8221;][\/vc_column][\/vc_row][\/vc_section][vc_section css=&#8221;.vc_custom_1525268153750{margin-top: 20px !important;}&#8221;][vc_row equal_height=&#8221;yes&#8221;][vc_column width=&#8221;1\/2&#8243;][vc_column_text]Are you having problems with your filling system? Our servicing technicians are available for you on location. They are just a call away![\/vc_column_text][\/vc_column][vc_column width=&#8221;1\/2&#8243;][vc_column_text]Our remote maintenance services are fast and reliable. We can offer worldwide servicing on our filling machinery at any time through the utilization of the remote maintenance module installed in every machine. <a href=\"https:\/\/hsv-gmbh.de\/kontakt\/\">Just give us a call!<\/a>[\/vc_column_text][\/vc_column][\/vc_row][vc_row][vc_column width=&#8221;1\/2&#8243;]   <div class=\"uk-panel wv-hoverbox-01 \">\r\n\r\n          <figure class=\"uk-overlay uk-overlay-hover\" style=\"width:100%;\">\r\n              <div class=\"bg-holder\" style=\"height:300px;background-image:url('https:\/\/hsv-gmbh.de\/wp-content\/uploads\/2018\/05\/service-web.jpg')\">\r\n\r\n              <\/div>\r\n              \r\n\r\n<\/figure><\/div>[\/vc_column][vc_column width=&#8221;1\/2&#8243;]   <div class=\"uk-panel wv-hoverbox-01 \">\r\n\r\n          <figure class=\"uk-overlay uk-overlay-hover\" style=\"width:100%;\">\r\n              <div class=\"bg-holder\" style=\"height:300px;background-image:url('https:\/\/hsv-gmbh.de\/wp-content\/uploads\/2018\/05\/service3.png')\">\r\n\r\n              <\/div>\r\n              \r\n\r\n<\/figure><\/div>[\/vc_column][\/vc_row][\/vc_section]<\/div>","protected":false},"excerpt":{"rendered":"<p>[vc_section][vc_row][vc_column][vc_custom_heading text=&#8221;Filling technology at HSV \u2013 a greater performance capacity in terms of special machinery construction&#8221; font_container=&#8221;tag:h1|text_align:left&#8221; use_theme_fonts=&#8221;yes&#8221; el_class=&#8221;page-heading&#8221;][vc_custom_heading text=&#8221;We supply you with personalized problem solutions and comprehensive service.&#8221; use_theme_fonts=&#8221;yes&#8221; el_class=&#8221;page-subheading&#8221;][\/vc_column][\/vc_row][vc_row][vc_column][\/vc_column][\/vc_row][vc_row css=&#8221;.vc_custom_1525268446176{margin-top: 20px !important;}&#8221;][vc_column][vc_column_text]Our comprehensive knowledge is the result of many years of experience in the field of packaging and filling technology. We will establish [&hellip;]<\/p>\n","protected":false},"author":1,"featured_media":0,"parent":0,"menu_order":0,"comment_status":"closed","ping_status":"closed","template":"","meta":{"footnotes":""},"class_list":["post-12","page","type-page","status-publish","hentry"],"yoast_head":"<!-- This site is optimized with the Yoast SEO plugin v23.5 - https:\/\/yoast.com\/wordpress\/plugins\/seo\/ -->\n<title>Service&amp;Qualit\u00e4t - HSV GmbH<\/title>\n<meta name=\"description\" content=\"Abf\u00fclltechnik bei der HSV bedeutet Innovation, leistungsorientiertes Handeln und ein umfangreicher Kundenservice, der h\u00f6chsten Anspr\u00fcchen gerecht wird.\" \/>\n<meta name=\"robots\" content=\"index, follow, max-snippet:-1, max-image-preview:large, max-video-preview:-1\" \/>\n<link rel=\"canonical\" href=\"https:\/\/hsv-gmbh.de\/servicequalitaet\/\" \/>\n<meta property=\"og:locale\" content=\"en_US\" \/>\n<meta property=\"og:type\" content=\"article\" \/>\n<meta property=\"og:title\" content=\"Service&amp;Qualit\u00e4t - HSV GmbH\" \/>\n<meta property=\"og:description\" content=\"Abf\u00fclltechnik bei der HSV bedeutet Innovation, leistungsorientiertes Handeln und ein umfangreicher Kundenservice, der h\u00f6chsten Anspr\u00fcchen gerecht wird.\" \/>\n<meta property=\"og:url\" content=\"https:\/\/hsv-gmbh.de\/servicequalitaet\/\" \/>\n<meta property=\"og:site_name\" content=\"HSV GmbH\" \/>\n<meta property=\"article:modified_time\" content=\"2019-01-21T09:46:59+00:00\" \/>\n<meta name=\"twitter:card\" content=\"summary_large_image\" \/>\n<meta name=\"twitter:label1\" content=\"Est. reading time\" \/>\n\t<meta name=\"twitter:data1\" content=\"4 minutes\" \/>\n<script type=\"application\/ld+json\" class=\"yoast-schema-graph\">{\"@context\":\"https:\/\/schema.org\",\"@graph\":[{\"@type\":\"WebPage\",\"@id\":\"https:\/\/hsv-gmbh.de\/servicequalitaet\/\",\"url\":\"https:\/\/hsv-gmbh.de\/servicequalitaet\/\",\"name\":\"Service&Qualit\u00e4t - HSV GmbH\",\"isPartOf\":{\"@id\":\"https:\/\/hsv-gmbh.de\/#website\"},\"datePublished\":\"2018-05-02T09:44:00+00:00\",\"dateModified\":\"2019-01-21T09:46:59+00:00\",\"description\":\"Abf\u00fclltechnik bei der HSV bedeutet Innovation, leistungsorientiertes Handeln und ein umfangreicher Kundenservice, der h\u00f6chsten Anspr\u00fcchen gerecht wird.\",\"breadcrumb\":{\"@id\":\"https:\/\/hsv-gmbh.de\/servicequalitaet\/#breadcrumb\"},\"inLanguage\":\"en-US\",\"potentialAction\":[{\"@type\":\"ReadAction\",\"target\":[\"https:\/\/hsv-gmbh.de\/servicequalitaet\/\"]}]},{\"@type\":\"BreadcrumbList\",\"@id\":\"https:\/\/hsv-gmbh.de\/servicequalitaet\/#breadcrumb\",\"itemListElement\":[{\"@type\":\"ListItem\",\"position\":1,\"name\":\"Startseite\",\"item\":\"https:\/\/hsv-gmbh.de\/\"},{\"@type\":\"ListItem\",\"position\":2,\"name\":\"Service&#038;Qualit\u00e4t\"}]},{\"@type\":\"WebSite\",\"@id\":\"https:\/\/hsv-gmbh.de\/#website\",\"url\":\"https:\/\/hsv-gmbh.de\/\",\"name\":\"HSV GmbH\",\"description\":\"Sondermaschinenbau\",\"potentialAction\":[{\"@type\":\"SearchAction\",\"target\":{\"@type\":\"EntryPoint\",\"urlTemplate\":\"https:\/\/hsv-gmbh.de\/?s={search_term_string}\"},\"query-input\":{\"@type\":\"PropertyValueSpecification\",\"valueRequired\":true,\"valueName\":\"search_term_string\"}}],\"inLanguage\":\"en-US\"}]}<\/script>\n<!-- \/ Yoast SEO plugin. -->","yoast_head_json":{"title":"Service&Qualit\u00e4t - HSV GmbH","description":"Abf\u00fclltechnik bei der HSV bedeutet Innovation, leistungsorientiertes Handeln und ein umfangreicher Kundenservice, der h\u00f6chsten Anspr\u00fcchen gerecht wird.","robots":{"index":"index","follow":"follow","max-snippet":"max-snippet:-1","max-image-preview":"max-image-preview:large","max-video-preview":"max-video-preview:-1"},"canonical":"https:\/\/hsv-gmbh.de\/servicequalitaet\/","og_locale":"en_US","og_type":"article","og_title":"Service&Qualit\u00e4t - HSV GmbH","og_description":"Abf\u00fclltechnik bei der HSV bedeutet Innovation, leistungsorientiertes Handeln und ein umfangreicher Kundenservice, der h\u00f6chsten Anspr\u00fcchen gerecht wird.","og_url":"https:\/\/hsv-gmbh.de\/servicequalitaet\/","og_site_name":"HSV GmbH","article_modified_time":"2019-01-21T09:46:59+00:00","twitter_card":"summary_large_image","twitter_misc":{"Est. reading time":"4 minutes"},"schema":{"@context":"https:\/\/schema.org","@graph":[{"@type":"WebPage","@id":"https:\/\/hsv-gmbh.de\/servicequalitaet\/","url":"https:\/\/hsv-gmbh.de\/servicequalitaet\/","name":"Service&Qualit\u00e4t - HSV GmbH","isPartOf":{"@id":"https:\/\/hsv-gmbh.de\/#website"},"datePublished":"2018-05-02T09:44:00+00:00","dateModified":"2019-01-21T09:46:59+00:00","description":"Abf\u00fclltechnik bei der HSV bedeutet Innovation, leistungsorientiertes Handeln und ein umfangreicher Kundenservice, der h\u00f6chsten Anspr\u00fcchen gerecht wird.","breadcrumb":{"@id":"https:\/\/hsv-gmbh.de\/servicequalitaet\/#breadcrumb"},"inLanguage":"en-US","potentialAction":[{"@type":"ReadAction","target":["https:\/\/hsv-gmbh.de\/servicequalitaet\/"]}]},{"@type":"BreadcrumbList","@id":"https:\/\/hsv-gmbh.de\/servicequalitaet\/#breadcrumb","itemListElement":[{"@type":"ListItem","position":1,"name":"Startseite","item":"https:\/\/hsv-gmbh.de\/"},{"@type":"ListItem","position":2,"name":"Service&#038;Qualit\u00e4t"}]},{"@type":"WebSite","@id":"https:\/\/hsv-gmbh.de\/#website","url":"https:\/\/hsv-gmbh.de\/","name":"HSV GmbH","description":"Sondermaschinenbau","potentialAction":[{"@type":"SearchAction","target":{"@type":"EntryPoint","urlTemplate":"https:\/\/hsv-gmbh.de\/?s={search_term_string}"},"query-input":{"@type":"PropertyValueSpecification","valueRequired":true,"valueName":"search_term_string"}}],"inLanguage":"en-US"}]}},"_links":{"self":[{"href":"https:\/\/hsv-gmbh.de\/en\/wp-json\/wp\/v2\/pages\/12"}],"collection":[{"href":"https:\/\/hsv-gmbh.de\/en\/wp-json\/wp\/v2\/pages"}],"about":[{"href":"https:\/\/hsv-gmbh.de\/en\/wp-json\/wp\/v2\/types\/page"}],"author":[{"embeddable":true,"href":"https:\/\/hsv-gmbh.de\/en\/wp-json\/wp\/v2\/users\/1"}],"replies":[{"embeddable":true,"href":"https:\/\/hsv-gmbh.de\/en\/wp-json\/wp\/v2\/comments?post=12"}],"version-history":[{"count":21,"href":"https:\/\/hsv-gmbh.de\/en\/wp-json\/wp\/v2\/pages\/12\/revisions"}],"predecessor-version":[{"id":448,"href":"https:\/\/hsv-gmbh.de\/en\/wp-json\/wp\/v2\/pages\/12\/revisions\/448"}],"wp:attachment":[{"href":"https:\/\/hsv-gmbh.de\/en\/wp-json\/wp\/v2\/media?parent=12"}],"curies":[{"name":"wp","href":"https:\/\/api.w.org\/{rel}","templated":true}]}}