{"id":20,"date":"2018-05-02T11:44:36","date_gmt":"2018-05-02T09:44:36","guid":{"rendered":"http:\/\/hsv-gmbh.de\/wp2018\/?page_id=20"},"modified":"2025-04-14T15:29:52","modified_gmt":"2025-04-14T13:29:52","slug":"impressum","status":"publish","type":"page","link":"https:\/\/hsv-gmbh.de\/en\/impressum\/","title":{"rendered":"Impressum"},"content":{"rendered":"<div class=\"wpb-content-wrapper\"><p>[vc_row][vc_column][vc_column_text css=&#8221;&#8221;]HSV Sondermaschinenbau GmbH<br \/>\nAbf\u00fcll- + Verpackungsl\u00f6sungen aus einer Hand<br \/>\nEglosheimer Str. 101<\/p>\n<p>D-71679 Asperg<br \/>\nTel. 07141 \/ 91604-0<br \/>\nFax. 07141 \/ 91604-1<br \/>\ninfo@hsv-gmbh.de<br \/>\nwww.hsv-gmbh.de<\/p>\n<p>&nbsp;<\/p>\n<p>USt. IDNr. DE 203 904 658<br \/>\nHRB 205816 Gerichtsstand AG Ludwigsburg<br \/>\nSitz der Gesellschaft 71679 Asperg<\/p>\n<p>Gesch\u00e4ftsf\u00fchrer:<br \/>\nReimund Veigel<br \/>\nWaldemar Hert<\/p>\n<div class=\"hr1\">Verantwortlich f\u00fcr den Inhalt: Reimund Veigel, Waldemar Hert<\/div>\n<p>[\/vc_column_text][\/vc_column][\/vc_row]<\/p>\n<\/div>","protected":false},"excerpt":{"rendered":"<p>[vc_row][vc_column][vc_column_text css=&#8221;&#8221;]HSV Sondermaschinenbau GmbH Abf\u00fcll- + Verpackungsl\u00f6sungen aus einer Hand Eglosheimer Str. 101 D-71679 Asperg Tel. 07141 \/ 91604-0 Fax. 07141 \/ 91604-1 info@hsv-gmbh.de www.hsv-gmbh.de &nbsp; USt. IDNr. DE 203 904 658 HRB 205816 Gerichtsstand AG Ludwigsburg Sitz der Gesellschaft 71679 Asperg Gesch\u00e4ftsf\u00fchrer: Reimund Veigel Waldemar Hert Verantwortlich f\u00fcr den Inhalt: Reimund Veigel, Waldemar Hert [&hellip;]<\/p>\n","protected":false},"author":1,"featured_media":0,"parent":0,"menu_order":0,"comment_status":"closed","ping_status":"closed","template":"","meta":{"footnotes":""},"class_list":["post-20","page","type-page","status-publish","hentry"],"yoast_head":"<!-- This site is optimized with the Yoast SEO plugin v23.5 - https:\/\/yoast.com\/wordpress\/plugins\/seo\/ -->\n<title>Impressum - HSV GmbH<\/title>\n<meta name=\"robots\" content=\"index, follow, max-snippet:-1, max-image-preview:large, max-video-preview:-1\" \/>\n<link rel=\"canonical\" href=\"https:\/\/hsv-gmbh.de\/impressum\/\" \/>\n<meta property=\"og:locale\" content=\"en_US\" \/>\n<meta property=\"og:type\" content=\"article\" \/>\n<meta property=\"og:title\" content=\"Impressum - HSV GmbH\" \/>\n<meta property=\"og:description\" content=\"[vc_row][vc_column][vc_column_text css=&#8221;&#8221;]HSV Sondermaschinenbau GmbH Abf\u00fcll- + Verpackungsl\u00f6sungen aus einer Hand Eglosheimer Str. 101 D-71679 Asperg Tel. 07141 \/ 91604-0 Fax. 07141 \/ 91604-1 info@hsv-gmbh.de www.hsv-gmbh.de &nbsp; USt. IDNr. DE 203 904 658 HRB 205816 Gerichtsstand AG Ludwigsburg Sitz der Gesellschaft 71679 Asperg Gesch\u00e4ftsf\u00fchrer: Reimund Veigel Waldemar Hert Verantwortlich f\u00fcr den Inhalt: Reimund Veigel, Waldemar Hert [&hellip;]\" \/>\n<meta property=\"og:url\" content=\"https:\/\/hsv-gmbh.de\/impressum\/\" \/>\n<meta property=\"og:site_name\" content=\"HSV GmbH\" \/>\n<meta property=\"article:modified_time\" content=\"2025-04-14T13:29:52+00:00\" \/>\n<meta name=\"twitter:card\" content=\"summary_large_image\" \/>\n<script type=\"application\/ld+json\" class=\"yoast-schema-graph\">{\"@context\":\"https:\/\/schema.org\",\"@graph\":[{\"@type\":\"WebPage\",\"@id\":\"https:\/\/hsv-gmbh.de\/impressum\/\",\"url\":\"https:\/\/hsv-gmbh.de\/impressum\/\",\"name\":\"Impressum - HSV GmbH\",\"isPartOf\":{\"@id\":\"https:\/\/hsv-gmbh.de\/#website\"},\"datePublished\":\"2018-05-02T09:44:36+00:00\",\"dateModified\":\"2025-04-14T13:29:52+00:00\",\"breadcrumb\":{\"@id\":\"https:\/\/hsv-gmbh.de\/impressum\/#breadcrumb\"},\"inLanguage\":\"en-US\",\"potentialAction\":[{\"@type\":\"ReadAction\",\"target\":[\"https:\/\/hsv-gmbh.de\/impressum\/\"]}]},{\"@type\":\"BreadcrumbList\",\"@id\":\"https:\/\/hsv-gmbh.de\/impressum\/#breadcrumb\",\"itemListElement\":[{\"@type\":\"ListItem\",\"position\":1,\"name\":\"Startseite\",\"item\":\"https:\/\/hsv-gmbh.de\/\"},{\"@type\":\"ListItem\",\"position\":2,\"name\":\"Impressum\"}]},{\"@type\":\"WebSite\",\"@id\":\"https:\/\/hsv-gmbh.de\/#website\",\"url\":\"https:\/\/hsv-gmbh.de\/\",\"name\":\"HSV GmbH\",\"description\":\"Sondermaschinenbau\",\"potentialAction\":[{\"@type\":\"SearchAction\",\"target\":{\"@type\":\"EntryPoint\",\"urlTemplate\":\"https:\/\/hsv-gmbh.de\/?s={search_term_string}\"},\"query-input\":{\"@type\":\"PropertyValueSpecification\",\"valueRequired\":true,\"valueName\":\"search_term_string\"}}],\"inLanguage\":\"en-US\"}]}<\/script>\n<!-- \/ Yoast SEO plugin. -->","yoast_head_json":{"title":"Impressum - HSV GmbH","robots":{"index":"index","follow":"follow","max-snippet":"max-snippet:-1","max-image-preview":"max-image-preview:large","max-video-preview":"max-video-preview:-1"},"canonical":"https:\/\/hsv-gmbh.de\/impressum\/","og_locale":"en_US","og_type":"article","og_title":"Impressum - HSV GmbH","og_description":"[vc_row][vc_column][vc_column_text css=&#8221;&#8221;]HSV Sondermaschinenbau GmbH Abf\u00fcll- + Verpackungsl\u00f6sungen aus einer Hand Eglosheimer Str. 101 D-71679 Asperg Tel. 07141 \/ 91604-0 Fax. 07141 \/ 91604-1 info@hsv-gmbh.de www.hsv-gmbh.de &nbsp; USt. IDNr. DE 203 904 658 HRB 205816 Gerichtsstand AG Ludwigsburg Sitz der Gesellschaft 71679 Asperg Gesch\u00e4ftsf\u00fchrer: Reimund Veigel Waldemar Hert Verantwortlich f\u00fcr den Inhalt: Reimund Veigel, Waldemar Hert [&hellip;]","og_url":"https:\/\/hsv-gmbh.de\/impressum\/","og_site_name":"HSV GmbH","article_modified_time":"2025-04-14T13:29:52+00:00","twitter_card":"summary_large_image","schema":{"@context":"https:\/\/schema.org","@graph":[{"@type":"WebPage","@id":"https:\/\/hsv-gmbh.de\/impressum\/","url":"https:\/\/hsv-gmbh.de\/impressum\/","name":"Impressum - HSV GmbH","isPartOf":{"@id":"https:\/\/hsv-gmbh.de\/#website"},"datePublished":"2018-05-02T09:44:36+00:00","dateModified":"2025-04-14T13:29:52+00:00","breadcrumb":{"@id":"https:\/\/hsv-gmbh.de\/impressum\/#breadcrumb"},"inLanguage":"en-US","potentialAction":[{"@type":"ReadAction","target":["https:\/\/hsv-gmbh.de\/impressum\/"]}]},{"@type":"BreadcrumbList","@id":"https:\/\/hsv-gmbh.de\/impressum\/#breadcrumb","itemListElement":[{"@type":"ListItem","position":1,"name":"Startseite","item":"https:\/\/hsv-gmbh.de\/"},{"@type":"ListItem","position":2,"name":"Impressum"}]},{"@type":"WebSite","@id":"https:\/\/hsv-gmbh.de\/#website","url":"https:\/\/hsv-gmbh.de\/","name":"HSV GmbH","description":"Sondermaschinenbau","potentialAction":[{"@type":"SearchAction","target":{"@type":"EntryPoint","urlTemplate":"https:\/\/hsv-gmbh.de\/?s={search_term_string}"},"query-input":{"@type":"PropertyValueSpecification","valueRequired":true,"valueName":"search_term_string"}}],"inLanguage":"en-US"}]}},"_links":{"self":[{"href":"https:\/\/hsv-gmbh.de\/en\/wp-json\/wp\/v2\/pages\/20"}],"collection":[{"href":"https:\/\/hsv-gmbh.de\/en\/wp-json\/wp\/v2\/pages"}],"about":[{"href":"https:\/\/hsv-gmbh.de\/en\/wp-json\/wp\/v2\/types\/page"}],"author":[{"embeddable":true,"href":"https:\/\/hsv-gmbh.de\/en\/wp-json\/wp\/v2\/users\/1"}],"replies":[{"embeddable":true,"href":"https:\/\/hsv-gmbh.de\/en\/wp-json\/wp\/v2\/comments?post=20"}],"version-history":[{"count":4,"href":"https:\/\/hsv-gmbh.de\/en\/wp-json\/wp\/v2\/pages\/20\/revisions"}],"predecessor-version":[{"id":518,"href":"https:\/\/hsv-gmbh.de\/en\/wp-json\/wp\/v2\/pages\/20\/revisions\/518"}],"wp:attachment":[{"href":"https:\/\/hsv-gmbh.de\/en\/wp-json\/wp\/v2\/media?parent=20"}],"curies":[{"name":"wp","href":"https:\/\/api.w.org\/{rel}","templated":true}]}}