{"id":249,"date":"2026-02-26T09:57:11","date_gmt":"2026-02-26T08:57:11","guid":{"rendered":"https:\/\/hsv-gmbh.de\/home\/"},"modified":"2026-04-10T10:58:27","modified_gmt":"2026-04-10T08:58:27","slug":"home","status":"publish","type":"page","link":"https:\/\/hsv-gmbh.de\/en\/","title":{"rendered":"Home"},"content":{"rendered":"<ul>\n<li>\n<h2>About HSV<\/h2>\n<div>\n<ul>\n<li>Experience oriented<\/li>\n<li>Innovative<\/li>\n<li>Flexible<\/li>\n<li>Service oriented<\/li>\n<\/ul>\n<\/div>\n<\/li>\n<li>\n<h2>Products<\/h2>\n<div>\n<ul>\n<li><a href=\"https:\/\/hsv-gmbh.de\/en\/products\/2-component-filling-machines\/\">2-Component Filling Machinery<\/a><\/li>\n<li><a href=\"https:\/\/hsv-gmbh.de\/en\/products\/1-component-filling-machines\/\">1-Component Filling Machinery<\/a><\/li>\n<li><a href=\"https:\/\/hsv-gmbh.de\/en\/products\/fill-material-feeding-systems\/\">Fill-Material Feeding Mechanisms<\/a><\/li>\n<li><a href=\"https:\/\/hsv-gmbh.de\/en\/products\/dosing-systems\/\">Dosing and Metering Systems<\/a><\/li>\n<li><a href=\"https:\/\/hsv-gmbh.de\/en\/products\/feeding-and-assembly-systems\/\">Automated Delivery Systems<\/a><\/li>\n<li><a href=\"https:\/\/hsv-gmbh.de\/en\/products\/labeling-machines\/\">Labels and Labeling Services<\/a><\/li>\n<li><a href=\"https:\/\/hsv-gmbh.de\/en\/products\/laboratory-and-testing-equipment\/\">Laboratory and Testing Equipment<\/a><\/li>\n<\/ul>\n<\/div>\n<\/li>\n<li>\n<h2>Contact<\/h2>\n<div>\n<ul>\n<li><a href=\"https:\/\/hsv-gmbh.de\/en\/contact\/\">Contact and Directions<\/a><\/li>\n<li><a href=\"https:\/\/hsv-gmbh.de\/en\/contact\/lodging\/\">Lodging<\/a><\/li>\n<\/ul>\n<\/div>\n<\/li>\n<\/ul>\n<p><!--more--><br \/>\n<!-- {\"type\":\"layout\",\"children\":[{\"type\":\"section\",\"props\":{\"image_position\":\"center-center\",\"padding_bottom\":\"none\",\"padding_top\":\"none\",\"style\":\"default\",\"title_breakpoint\":\"xl\",\"title_position\":\"top-left\",\"title_rotation\":\"left\",\"vertical_align\":\"middle\",\"width\":\"\"},\"children\":[{\"type\":\"row\",\"children\":[{\"type\":\"column\",\"props\":{\"image_position\":\"center-center\",\"position_sticky_breakpoint\":\"m\"},\"children\":[{\"type\":\"module\",\"props\":{\"menu_image_align\":\"center\",\"menu_image_margin\":true,\"menu_style\":\"default\",\"menu_type\":\"nav\",\"type\":\"builderwidget\",\"widget\":\"builderwidget-2\"}}]}]}],\"name\":\"Slideshow\"},{\"type\":\"section\",\"props\":{\"height\":\"page\",\"image_position\":\"center-center\",\"style\":\"secondary\",\"title_breakpoint\":\"xl\",\"title_position\":\"top-left\",\"title_rotation\":\"left\",\"vertical_align\":\"\",\"width\":\"default\"},\"children\":[{\"type\":\"row\",\"children\":[{\"type\":\"column\",\"props\":{\"image_position\":\"center-center\",\"position_sticky_breakpoint\":\"m\"},\"children\":[{\"type\":\"grid\",\"props\":{\"class\":\"home-tiles dotlist\",\"content_column_breakpoint\":\"m\",\"filter_align\":\"left\",\"filter_all\":true,\"filter_grid_breakpoint\":\"m\",\"filter_grid_width\":\"auto\",\"filter_position\":\"top\",\"filter_style\":\"tab\",\"grid_column_gap\":\"small\",\"grid_default\":\"1\",\"grid_medium\":\"3\",\"grid_row_gap\":\"small\",\"image_align\":\"top\",\"image_grid_breakpoint\":\"m\",\"image_grid_width\":\"1-2\",\"image_svg_color\":\"emphasis\",\"item_animation\":true,\"lightbox_bg_close\":true,\"link_style\":\"default\",\"link_text\":\"Read more\",\"margin_bottom\":\"default\",\"margin_top\":\"default\",\"meta_align\":\"below-title\",\"meta_element\":\"div\",\"meta_style\":\"text-meta\",\"panel_padding\":\"default\",\"panel_style\":\"tile-muted\",\"show_content\":true,\"show_hover_image\":true,\"show_hover_video\":true,\"show_image\":true,\"show_link\":true,\"show_meta\":true,\"show_title\":true,\"show_video\":true,\"title_align\":\"top\",\"title_element\":\"h2\",\"title_grid_breakpoint\":\"m\",\"title_grid_width\":\"1-2\",\"title_hover_style\":\"reset\",\"title_style\":\"h2\"},\"children\":[{\"type\":\"grid_item\",\"props\":{\"content\":\"\n\n<ul>\\n\n\n<li>Experience oriented<\/li>\n\n\\n\n\n<li>Innovative<\/li>\n\n\\n\n\n<li>Flexible<\/li>\n\n\\n\n\n<li>Service oriented<\/li>\n\n\\n<\/ul>\n\n\",\"title\":\"About HSV\"}},{\"type\":\"grid_item\",\"props\":{\"content\":\"\n\n<ul>\\n    \n\n<li><a href=\\\"\/en\/products\/2-k-abfuellanlagen\/\\\">2-Component Filling Machinery<\/a><\/li>\n\n\\n    \n\n<li><a href=\\\"\/en\/products\/1-k-abfuellanlagen\/\\\">1-Component Filling Machinery<\/a><\/li>\n\n\\n    \n\n<li><a href=\\\"\/en\/products\/fuellgutzufuehrungen\/\\\">Fill-Material Feeding Mechanisms<\/a><\/li>\n\n\\n    \n\n<li><a href=\\\"\/en\/products\/dosierungen\/\\\">Dosing and Metering Systems<\/a><\/li>\n\n\\n    \n\n<li><a href=\\\"\/en\/products\/zufuehrungssysteme\/\\\">Automated Delivery Systems<\/a><\/li>\n\n\\n    \n\n<li><a href=\\\"\/en\/products\/etikettierungen\/\\\">Labels and Labeling Services<\/a><\/li>\n\n\\n    \n\n<li><a href=\\\"\/en\/products\/labor-pruefgeraete\/\\\">Laboratory and Testing Equipment<\/a><\/li>\n\n\\n<\/ul>\n\n\",\"title\":\"Products\"}},{\"type\":\"grid_item\",\"props\":{\"content\":\"\n\n<ul>\\n\n\n<li><a href=\\\"\/en\/contact\/\\\">Contact and Directions<\/a><\/li>\n\n\\n\n\n<li><a href=\\\"\/en\/contact\/lodging\/\\\">Lodging<\/a><\/li>\n\n\\n<\/ul>\n\n\",\"title\":\"Contact\"}}]}]}]}]}],\"version\":\"5.0.17\"} --><\/p>\n","protected":false},"excerpt":{"rendered":"<p>About HSV Experience oriented Innovative Flexible Service oriented Products 2-Component Filling Machinery 1-Component Filling Machinery Fill-Material Feeding Mechanisms Dosing and Metering Systems Automated Delivery Systems Labels and Labeling Services Laboratory and Testing Equipment Contact Contact and Directions Lodging<\/p>\n","protected":false},"author":1,"featured_media":0,"parent":0,"menu_order":0,"comment_status":"closed","ping_status":"closed","template":"","meta":{"footnotes":""},"class_list":["post-249","page","type-page","status-publish","hentry"],"yoast_head":"<!-- This site is optimized with the Yoast SEO plugin v27.3 - https:\/\/yoast.com\/product\/yoast-seo-wordpress\/ -->\n<title>Home - HSV Sondermaschinenbau \u2013 Abf\u00fcllanlagen, 2-K, 1-K<\/title>\n<meta name=\"description\" content=\"Spezialist f\u00fcr Sondermaschinenbau rund um Abf\u00fcllanlagen, F\u00fcllgutanlagen, F\u00fcllgutzuf\u00fchrungen, 1-K Abf\u00fcllanlagen, 2-K Abf\u00fcllanlagen f\u00fcr alle Kartuschentypen\" \/>\n<meta name=\"robots\" content=\"index, follow, max-snippet:-1, max-image-preview:large, max-video-preview:-1\" \/>\n<link rel=\"canonical\" href=\"https:\/\/hsv-gmbh.de\/en\/\" \/>\n<meta property=\"og:locale\" content=\"en_US\" \/>\n<meta property=\"og:type\" content=\"article\" \/>\n<meta property=\"og:title\" content=\"Home - HSV Sondermaschinenbau \u2013 Abf\u00fcllanlagen, 2-K, 1-K\" \/>\n<meta property=\"og:description\" content=\"Spezialist f\u00fcr Sondermaschinenbau rund um Abf\u00fcllanlagen, F\u00fcllgutanlagen, F\u00fcllgutzuf\u00fchrungen, 1-K Abf\u00fcllanlagen, 2-K Abf\u00fcllanlagen f\u00fcr alle Kartuschentypen\" \/>\n<meta property=\"og:url\" content=\"https:\/\/hsv-gmbh.de\/en\/\" \/>\n<meta property=\"og:site_name\" content=\"HSV GmbH\" \/>\n<meta property=\"article:modified_time\" content=\"2026-04-10T08:58:27+00:00\" \/>\n<meta name=\"twitter:card\" content=\"summary_large_image\" \/>\n<meta name=\"twitter:label1\" content=\"Est. reading time\" \/>\n\t<meta name=\"twitter:data1\" content=\"1 minute\" \/>\n<script type=\"application\/ld+json\" class=\"yoast-schema-graph\">{\"@context\":\"https:\\\/\\\/schema.org\",\"@graph\":[{\"@type\":\"WebPage\",\"@id\":\"https:\\\/\\\/hsv-gmbh.de\\\/en\\\/\",\"url\":\"https:\\\/\\\/hsv-gmbh.de\\\/en\\\/\",\"name\":\"Home - HSV Sondermaschinenbau \u2013 Abf\u00fcllanlagen, 2-K, 1-K\",\"isPartOf\":{\"@id\":\"https:\\\/\\\/hsv-gmbh.de\\\/en\\\/#website\"},\"datePublished\":\"2026-02-26T08:57:11+00:00\",\"dateModified\":\"2026-04-10T08:58:27+00:00\",\"description\":\"Spezialist f\u00fcr Sondermaschinenbau rund um Abf\u00fcllanlagen, F\u00fcllgutanlagen, F\u00fcllgutzuf\u00fchrungen, 1-K Abf\u00fcllanlagen, 2-K Abf\u00fcllanlagen f\u00fcr alle Kartuschentypen\",\"breadcrumb\":{\"@id\":\"https:\\\/\\\/hsv-gmbh.de\\\/en\\\/#breadcrumb\"},\"inLanguage\":\"en-US\",\"potentialAction\":[{\"@type\":\"ReadAction\",\"target\":[\"https:\\\/\\\/hsv-gmbh.de\\\/en\\\/\"]}]},{\"@type\":\"BreadcrumbList\",\"@id\":\"https:\\\/\\\/hsv-gmbh.de\\\/en\\\/#breadcrumb\",\"itemListElement\":[{\"@type\":\"ListItem\",\"position\":1,\"name\":\"Start\",\"item\":\"https:\\\/\\\/hsv-gmbh.de\\\/en\\\/\"},{\"@type\":\"ListItem\",\"position\":2,\"name\":\"Home\"}]},{\"@type\":\"WebSite\",\"@id\":\"https:\\\/\\\/hsv-gmbh.de\\\/en\\\/#website\",\"url\":\"https:\\\/\\\/hsv-gmbh.de\\\/en\\\/\",\"name\":\"HSV GmbH - Sondermaschinenbau\",\"description\":\"Sondermaschinenbau\",\"potentialAction\":[{\"@type\":\"SearchAction\",\"target\":{\"@type\":\"EntryPoint\",\"urlTemplate\":\"https:\\\/\\\/hsv-gmbh.de\\\/en\\\/?s={search_term_string}\"},\"query-input\":{\"@type\":\"PropertyValueSpecification\",\"valueRequired\":true,\"valueName\":\"search_term_string\"}}],\"inLanguage\":\"en-US\"}]}<\/script>\n<!-- \/ Yoast SEO plugin. -->","yoast_head_json":{"title":"Home - HSV Sondermaschinenbau \u2013 Abf\u00fcllanlagen, 2-K, 1-K","description":"Spezialist f\u00fcr Sondermaschinenbau rund um Abf\u00fcllanlagen, F\u00fcllgutanlagen, F\u00fcllgutzuf\u00fchrungen, 1-K Abf\u00fcllanlagen, 2-K Abf\u00fcllanlagen f\u00fcr alle Kartuschentypen","robots":{"index":"index","follow":"follow","max-snippet":"max-snippet:-1","max-image-preview":"max-image-preview:large","max-video-preview":"max-video-preview:-1"},"canonical":"https:\/\/hsv-gmbh.de\/en\/","og_locale":"en_US","og_type":"article","og_title":"Home - HSV Sondermaschinenbau \u2013 Abf\u00fcllanlagen, 2-K, 1-K","og_description":"Spezialist f\u00fcr Sondermaschinenbau rund um Abf\u00fcllanlagen, F\u00fcllgutanlagen, F\u00fcllgutzuf\u00fchrungen, 1-K Abf\u00fcllanlagen, 2-K Abf\u00fcllanlagen f\u00fcr alle Kartuschentypen","og_url":"https:\/\/hsv-gmbh.de\/en\/","og_site_name":"HSV GmbH","article_modified_time":"2026-04-10T08:58:27+00:00","twitter_card":"summary_large_image","twitter_misc":{"Est. reading time":"1 minute"},"schema":{"@context":"https:\/\/schema.org","@graph":[{"@type":"WebPage","@id":"https:\/\/hsv-gmbh.de\/en\/","url":"https:\/\/hsv-gmbh.de\/en\/","name":"Home - HSV Sondermaschinenbau \u2013 Abf\u00fcllanlagen, 2-K, 1-K","isPartOf":{"@id":"https:\/\/hsv-gmbh.de\/en\/#website"},"datePublished":"2026-02-26T08:57:11+00:00","dateModified":"2026-04-10T08:58:27+00:00","description":"Spezialist f\u00fcr Sondermaschinenbau rund um Abf\u00fcllanlagen, F\u00fcllgutanlagen, F\u00fcllgutzuf\u00fchrungen, 1-K Abf\u00fcllanlagen, 2-K Abf\u00fcllanlagen f\u00fcr alle Kartuschentypen","breadcrumb":{"@id":"https:\/\/hsv-gmbh.de\/en\/#breadcrumb"},"inLanguage":"en-US","potentialAction":[{"@type":"ReadAction","target":["https:\/\/hsv-gmbh.de\/en\/"]}]},{"@type":"BreadcrumbList","@id":"https:\/\/hsv-gmbh.de\/en\/#breadcrumb","itemListElement":[{"@type":"ListItem","position":1,"name":"Start","item":"https:\/\/hsv-gmbh.de\/en\/"},{"@type":"ListItem","position":2,"name":"Home"}]},{"@type":"WebSite","@id":"https:\/\/hsv-gmbh.de\/en\/#website","url":"https:\/\/hsv-gmbh.de\/en\/","name":"HSV GmbH - Sondermaschinenbau","description":"Sondermaschinenbau","potentialAction":[{"@type":"SearchAction","target":{"@type":"EntryPoint","urlTemplate":"https:\/\/hsv-gmbh.de\/en\/?s={search_term_string}"},"query-input":{"@type":"PropertyValueSpecification","valueRequired":true,"valueName":"search_term_string"}}],"inLanguage":"en-US"}]}},"_links":{"self":[{"href":"https:\/\/hsv-gmbh.de\/en\/wp-json\/wp\/v2\/pages\/249","targetHints":{"allow":["GET"]}}],"collection":[{"href":"https:\/\/hsv-gmbh.de\/en\/wp-json\/wp\/v2\/pages"}],"about":[{"href":"https:\/\/hsv-gmbh.de\/en\/wp-json\/wp\/v2\/types\/page"}],"author":[{"embeddable":true,"href":"https:\/\/hsv-gmbh.de\/en\/wp-json\/wp\/v2\/users\/1"}],"replies":[{"embeddable":true,"href":"https:\/\/hsv-gmbh.de\/en\/wp-json\/wp\/v2\/comments?post=249"}],"version-history":[{"count":7,"href":"https:\/\/hsv-gmbh.de\/en\/wp-json\/wp\/v2\/pages\/249\/revisions"}],"predecessor-version":[{"id":482,"href":"https:\/\/hsv-gmbh.de\/en\/wp-json\/wp\/v2\/pages\/249\/revisions\/482"}],"wp:attachment":[{"href":"https:\/\/hsv-gmbh.de\/en\/wp-json\/wp\/v2\/media?parent=249"}],"curies":[{"name":"wp","href":"https:\/\/api.w.org\/{rel}","templated":true}]}}