{"id":29,"date":"2018-05-02T11:45:46","date_gmt":"2018-05-02T09:45:46","guid":{"rendered":"http:\/\/hsv-gmbh.de\/wp2018\/?page_id=29"},"modified":"2018-12-13T13:59:48","modified_gmt":"2018-12-13T12:59:48","slug":"dosierungen","status":"publish","type":"page","link":"https:\/\/hsv-gmbh.de\/en\/produkte\/dosierungen\/","title":{"rendered":"Dosing systems"},"content":{"rendered":"<div class=\"wpb-content-wrapper\">[vc_section][vc_row][vc_column][vc_custom_heading text=&#8221;Dosing systems&#8221; font_container=&#8221;tag:h1|text_align:left&#8221; use_theme_fonts=&#8221;yes&#8221; el_class=&#8221;page-heading&#8221;][\/vc_column][\/vc_row][vc_row][vc_column]\r\n   <div class=\"wv-background-box \" style=\"height:400px;background-image:url('https:\/\/hsv-gmbh.de\/wp-content\/uploads\/2018\/11\/20020_DSCF0271_w-1024x558.jpg')\">\r\n\r\n   <\/div>\r\n\r\n[vc_custom_heading text=&#8221;&#8221;][\/vc_column][\/vc_row][\/vc_section][vc_section][vc_row equal_height=&#8221;yes&#8221;][vc_column css=&#8221;.vc_custom_1525266997961{margin-right: 5px !important;margin-left: 5px !important;}&#8221; el_class=&#8221;home-box no-underline&#8221;][vc_column_text]Dosing systems for installation on flex-packs, sachets, cartridge and tube filling machines, or as stand \u2013 alone solution.[\/vc_column_text]   <span class=\"wv-list-item \" style='color:#222222;'><i class=\"uk-icon-circle\"><\/i>\r\n     <div>\r\n      For liquid, highly viscous, abrasive, flammable and (highly) reactive products\r\n     <\/div>\r\n   <\/span>   <span class=\"wv-list-item \" style='color:#222222;'><i class=\"uk-icon-circle\"><\/i>\r\n     <div>\r\n      For chemical-technical, dental, cosmetic and pharmaceutical products\r\n     <\/div>\r\n   <\/span>   <span class=\"wv-list-item \" style='color:#222222;'><i class=\"uk-icon-circle\"><\/i>\r\n     <div>\r\n      Various high-accuracy volumetric and gravitational dosing and filling nozzle-systems\r\n     <\/div>\r\n   <\/span>   <span class=\"wv-list-item \" style='color:#222222;'><i class=\"uk-icon-circle\"><\/i>\r\n     <div>\r\n      Automated dosage quantity corrections are possible depending on the type of filling machine and if that machine is coupled with a weight station\r\n     <\/div>\r\n   <\/span>   <span class=\"wv-list-item \" style='color:#222222;'><i class=\"uk-icon-circle\"><\/i>\r\n     <div>\r\n      Can also be designed as a coloring or catalyzing system with unique static mixers\r\n     <\/div>\r\n   <\/span>   <span class=\"wv-list-item \" style='color:#222222;'><i class=\"uk-icon-circle\"><\/i>\r\n     <div>\r\n      Special solutions customized to the client\u2019s desires are possible at any time\r\n     <\/div>\r\n   <\/span>[\/vc_column][\/vc_row][\/vc_section]<\/div>","protected":false},"excerpt":{"rendered":"<p>[vc_section][vc_row][vc_column][vc_custom_heading text=&#8221;Dosing systems&#8221; font_container=&#8221;tag:h1|text_align:left&#8221; use_theme_fonts=&#8221;yes&#8221; el_class=&#8221;page-heading&#8221;][\/vc_column][\/vc_row][vc_row][vc_column][vc_custom_heading text=&#8221;&#8221;][\/vc_column][\/vc_row][\/vc_section][vc_section][vc_row equal_height=&#8221;yes&#8221;][vc_column css=&#8221;.vc_custom_1525266997961{margin-right: 5px !important;margin-left: 5px !important;}&#8221; el_class=&#8221;home-box no-underline&#8221;][vc_column_text]Dosing systems for installation on flex-packs, sachets, cartridge and tube filling machines, or as stand \u2013 alone solution.[\/vc_column_text][\/vc_column][\/vc_row][\/vc_section]<\/p>\n","protected":false},"author":1,"featured_media":0,"parent":10,"menu_order":0,"comment_status":"closed","ping_status":"closed","template":"","meta":{"footnotes":""},"class_list":["post-29","page","type-page","status-publish","hentry"],"yoast_head":"<!-- This site is optimized with the Yoast SEO plugin v23.5 - https:\/\/yoast.com\/wordpress\/plugins\/seo\/ -->\n<title>Dosing systems - HSV GmbH<\/title>\n<meta name=\"description\" content=\"Unsere Dosiermaschinen zeichnen sich durch Effizienz, Genauigkeit und Zuverl\u00e4ssigkeit aus. Wir bieten L\u00f6sungen f\u00fcr jeden individuellen Wunsch an.\" \/>\n<meta name=\"robots\" content=\"index, follow, max-snippet:-1, max-image-preview:large, max-video-preview:-1\" \/>\n<link rel=\"canonical\" href=\"https:\/\/hsv-gmbh.de\/produkte\/dosierungen\/\" \/>\n<meta property=\"og:locale\" content=\"en_US\" \/>\n<meta property=\"og:type\" content=\"article\" \/>\n<meta property=\"og:title\" content=\"Dosing systems - HSV GmbH\" \/>\n<meta property=\"og:description\" content=\"{:de}Unsere Dosiermaschinen zeichnen sich durch Effizienz, Genauigkeit und Zuverl\u00e4ssigkeit aus. Wir bieten L\u00f6sungen f\u00fcr jeden individuellen Wunsch an.{:}\" \/>\n<meta property=\"og:url\" content=\"https:\/\/hsv-gmbh.de\/produkte\/dosierungen\/\" \/>\n<meta property=\"og:site_name\" content=\"HSV GmbH\" \/>\n<meta property=\"article:modified_time\" content=\"2018-12-13T12:59:48+00:00\" \/>\n<meta name=\"twitter:card\" content=\"summary_large_image\" \/>\n<meta name=\"twitter:label1\" content=\"Est. reading time\" \/>\n\t<meta name=\"twitter:data1\" content=\"2 minutes\" \/>\n<script type=\"application\/ld+json\" class=\"yoast-schema-graph\">{\"@context\":\"https:\/\/schema.org\",\"@graph\":[{\"@type\":\"WebPage\",\"@id\":\"https:\/\/hsv-gmbh.de\/produkte\/dosierungen\/\",\"url\":\"https:\/\/hsv-gmbh.de\/produkte\/dosierungen\/\",\"name\":\"Dosing systems - HSV GmbH\",\"isPartOf\":{\"@id\":\"https:\/\/hsv-gmbh.de\/#website\"},\"datePublished\":\"2018-05-02T09:45:46+00:00\",\"dateModified\":\"2018-12-13T12:59:48+00:00\",\"description\":\"{:de}Unsere Dosiermaschinen zeichnen sich durch Effizienz, Genauigkeit und Zuverl\u00e4ssigkeit aus. Wir bieten L\u00f6sungen f\u00fcr jeden individuellen Wunsch an.{:}\",\"breadcrumb\":{\"@id\":\"https:\/\/hsv-gmbh.de\/produkte\/dosierungen\/#breadcrumb\"},\"inLanguage\":\"en-US\",\"potentialAction\":[{\"@type\":\"ReadAction\",\"target\":[\"https:\/\/hsv-gmbh.de\/produkte\/dosierungen\/\"]}]},{\"@type\":\"BreadcrumbList\",\"@id\":\"https:\/\/hsv-gmbh.de\/produkte\/dosierungen\/#breadcrumb\",\"itemListElement\":[{\"@type\":\"ListItem\",\"position\":1,\"name\":\"Startseite\",\"item\":\"https:\/\/hsv-gmbh.de\/\"},{\"@type\":\"ListItem\",\"position\":2,\"name\":\"Produkte\",\"item\":\"https:\/\/hsv-gmbh.de\/produkte\/\"},{\"@type\":\"ListItem\",\"position\":3,\"name\":\"Dosierungen\"}]},{\"@type\":\"WebSite\",\"@id\":\"https:\/\/hsv-gmbh.de\/#website\",\"url\":\"https:\/\/hsv-gmbh.de\/\",\"name\":\"HSV GmbH\",\"description\":\"Sondermaschinenbau\",\"potentialAction\":[{\"@type\":\"SearchAction\",\"target\":{\"@type\":\"EntryPoint\",\"urlTemplate\":\"https:\/\/hsv-gmbh.de\/?s={search_term_string}\"},\"query-input\":{\"@type\":\"PropertyValueSpecification\",\"valueRequired\":true,\"valueName\":\"search_term_string\"}}],\"inLanguage\":\"en-US\"}]}<\/script>\n<!-- \/ Yoast SEO plugin. -->","yoast_head_json":{"title":"Dosing systems - HSV GmbH","description":"Unsere Dosiermaschinen zeichnen sich durch Effizienz, Genauigkeit und Zuverl\u00e4ssigkeit aus. Wir bieten L\u00f6sungen f\u00fcr jeden individuellen Wunsch an.","robots":{"index":"index","follow":"follow","max-snippet":"max-snippet:-1","max-image-preview":"max-image-preview:large","max-video-preview":"max-video-preview:-1"},"canonical":"https:\/\/hsv-gmbh.de\/produkte\/dosierungen\/","og_locale":"en_US","og_type":"article","og_title":"Dosing systems - HSV GmbH","og_description":"{:de}Unsere Dosiermaschinen zeichnen sich durch Effizienz, Genauigkeit und Zuverl\u00e4ssigkeit aus. Wir bieten L\u00f6sungen f\u00fcr jeden individuellen Wunsch an.{:}","og_url":"https:\/\/hsv-gmbh.de\/produkte\/dosierungen\/","og_site_name":"HSV GmbH","article_modified_time":"2018-12-13T12:59:48+00:00","twitter_card":"summary_large_image","twitter_misc":{"Est. reading time":"2 minutes"},"schema":{"@context":"https:\/\/schema.org","@graph":[{"@type":"WebPage","@id":"https:\/\/hsv-gmbh.de\/produkte\/dosierungen\/","url":"https:\/\/hsv-gmbh.de\/produkte\/dosierungen\/","name":"Dosing systems - HSV GmbH","isPartOf":{"@id":"https:\/\/hsv-gmbh.de\/#website"},"datePublished":"2018-05-02T09:45:46+00:00","dateModified":"2018-12-13T12:59:48+00:00","description":"{:de}Unsere Dosiermaschinen zeichnen sich durch Effizienz, Genauigkeit und Zuverl\u00e4ssigkeit aus. Wir bieten L\u00f6sungen f\u00fcr jeden individuellen Wunsch an.{:}","breadcrumb":{"@id":"https:\/\/hsv-gmbh.de\/produkte\/dosierungen\/#breadcrumb"},"inLanguage":"en-US","potentialAction":[{"@type":"ReadAction","target":["https:\/\/hsv-gmbh.de\/produkte\/dosierungen\/"]}]},{"@type":"BreadcrumbList","@id":"https:\/\/hsv-gmbh.de\/produkte\/dosierungen\/#breadcrumb","itemListElement":[{"@type":"ListItem","position":1,"name":"Startseite","item":"https:\/\/hsv-gmbh.de\/"},{"@type":"ListItem","position":2,"name":"Produkte","item":"https:\/\/hsv-gmbh.de\/produkte\/"},{"@type":"ListItem","position":3,"name":"Dosierungen"}]},{"@type":"WebSite","@id":"https:\/\/hsv-gmbh.de\/#website","url":"https:\/\/hsv-gmbh.de\/","name":"HSV GmbH","description":"Sondermaschinenbau","potentialAction":[{"@type":"SearchAction","target":{"@type":"EntryPoint","urlTemplate":"https:\/\/hsv-gmbh.de\/?s={search_term_string}"},"query-input":{"@type":"PropertyValueSpecification","valueRequired":true,"valueName":"search_term_string"}}],"inLanguage":"en-US"}]}},"_links":{"self":[{"href":"https:\/\/hsv-gmbh.de\/en\/wp-json\/wp\/v2\/pages\/29"}],"collection":[{"href":"https:\/\/hsv-gmbh.de\/en\/wp-json\/wp\/v2\/pages"}],"about":[{"href":"https:\/\/hsv-gmbh.de\/en\/wp-json\/wp\/v2\/types\/page"}],"author":[{"embeddable":true,"href":"https:\/\/hsv-gmbh.de\/en\/wp-json\/wp\/v2\/users\/1"}],"replies":[{"embeddable":true,"href":"https:\/\/hsv-gmbh.de\/en\/wp-json\/wp\/v2\/comments?post=29"}],"version-history":[{"count":5,"href":"https:\/\/hsv-gmbh.de\/en\/wp-json\/wp\/v2\/pages\/29\/revisions"}],"predecessor-version":[{"id":425,"href":"https:\/\/hsv-gmbh.de\/en\/wp-json\/wp\/v2\/pages\/29\/revisions\/425"}],"up":[{"embeddable":true,"href":"https:\/\/hsv-gmbh.de\/en\/wp-json\/wp\/v2\/pages\/10"}],"wp:attachment":[{"href":"https:\/\/hsv-gmbh.de\/en\/wp-json\/wp\/v2\/media?parent=29"}],"curies":[{"name":"wp","href":"https:\/\/api.w.org\/{rel}","templated":true}]}}