{"id":31,"date":"2018-05-02T11:46:10","date_gmt":"2018-05-02T09:46:10","guid":{"rendered":"http:\/\/hsv-gmbh.de\/wp2018\/?page_id=31"},"modified":"2018-12-13T14:01:31","modified_gmt":"2018-12-13T13:01:31","slug":"zufuehrungssysteme","status":"publish","type":"page","link":"https:\/\/hsv-gmbh.de\/en\/produkte\/zufuehrungssysteme\/","title":{"rendered":"Feeding and assembly systems"},"content":{"rendered":"<div class=\"wpb-content-wrapper\">[vc_section][vc_row][vc_column][vc_custom_heading text=&#8221;Feeding and assembly systems&#8221; font_container=&#8221;tag:h1|text_align:left&#8221; use_theme_fonts=&#8221;yes&#8221; el_class=&#8221;page-heading&#8221;][\/vc_column][\/vc_row][vc_row][vc_column]\r\n   <div class=\"wv-background-box \" style=\"height:400px;background-image:url('https:\/\/hsv-gmbh.de\/wp-content\/uploads\/2018\/11\/DX_1243-w-1024x478.jpg')\">\r\n\r\n   <\/div>\r\n\r\n[vc_custom_heading text=&#8221;&#8221;][\/vc_column][\/vc_row][\/vc_section][vc_section][vc_row equal_height=&#8221;yes&#8221;][vc_column css=&#8221;.vc_custom_1525266997961{margin-right: 5px !important;margin-left: 5px !important;}&#8221; el_class=&#8221;home-box no-underline&#8221;][vc_column_text]Feeding and assembly systems for cartridges, cans, lids, pistons, mixers and much more.[\/vc_column_text]   <span class=\"wv-list-item \" style='color:#222222;'><i class=\"uk-icon-circle\"><\/i>\r\n     <div>\r\n      Belt systems with or without rotary-plates as a buffer system\r\n     <\/div>\r\n   <\/span>   <span class=\"wv-list-item \" style='color:#222222;'><i class=\"uk-icon-circle\"><\/i>\r\n     <div>\r\n      Vibratory or vertical conveyors with vision systems; alterations to, or integration of, these conveyors are tool-free\r\n     <\/div>\r\n   <\/span>   <span class=\"wv-list-item \" style='color:#222222;'><i class=\"uk-icon-circle\"><\/i>\r\n     <div>\r\n      Automated assembly machines for adhesive and ultrasonic bonding, friction sealing, screw and clip linking; which can be integrated with filling machines\r\n     <\/div>\r\n   <\/span>   <span class=\"wv-list-item \" style='color:#222222;'><i class=\"uk-icon-circle\"><\/i>\r\n     <div>\r\n      Un-packaging machines\r\n     <\/div>\r\n   <\/span>[\/vc_column][\/vc_row][\/vc_section]<\/div>","protected":false},"excerpt":{"rendered":"<p>[vc_section][vc_row][vc_column][vc_custom_heading text=&#8221;Feeding and assembly systems&#8221; font_container=&#8221;tag:h1|text_align:left&#8221; use_theme_fonts=&#8221;yes&#8221; el_class=&#8221;page-heading&#8221;][\/vc_column][\/vc_row][vc_row][vc_column][vc_custom_heading text=&#8221;&#8221;][\/vc_column][\/vc_row][\/vc_section][vc_section][vc_row equal_height=&#8221;yes&#8221;][vc_column css=&#8221;.vc_custom_1525266997961{margin-right: 5px !important;margin-left: 5px !important;}&#8221; el_class=&#8221;home-box no-underline&#8221;][vc_column_text]Feeding and assembly systems for cartridges, cans, lids, pistons, mixers and much more.[\/vc_column_text][\/vc_column][\/vc_row][\/vc_section]<\/p>\n","protected":false},"author":1,"featured_media":0,"parent":10,"menu_order":0,"comment_status":"closed","ping_status":"closed","template":"","meta":{"footnotes":""},"class_list":["post-31","page","type-page","status-publish","hentry"],"yoast_head":"<!-- This site is optimized with the Yoast SEO plugin v23.5 - https:\/\/yoast.com\/wordpress\/plugins\/seo\/ -->\n<title>Feeding and assembly systems - HSV GmbH<\/title>\n<meta name=\"description\" content=\"Unser breites Produktportfolio im Bereich Zuf\u00fchrsysteme beinhaltet Zuf\u00fchr- und Montagesysteme f\u00fcr Kartuschen, Dosen, Deckel, Kolben, Mischer u.v.m.\" \/>\n<meta name=\"robots\" content=\"index, follow, max-snippet:-1, max-image-preview:large, max-video-preview:-1\" \/>\n<link rel=\"canonical\" href=\"https:\/\/hsv-gmbh.de\/produkte\/zufuehrungssysteme\/\" \/>\n<meta property=\"og:locale\" content=\"en_US\" \/>\n<meta property=\"og:type\" content=\"article\" \/>\n<meta property=\"og:title\" content=\"Feeding and assembly systems - HSV GmbH\" \/>\n<meta property=\"og:description\" content=\"Unser breites Produktportfolio im Bereich Zuf\u00fchrsysteme beinhaltet Zuf\u00fchr- und Montagesysteme f\u00fcr Kartuschen, Dosen, Deckel, Kolben, Mischer u.v.m.\" \/>\n<meta property=\"og:url\" content=\"https:\/\/hsv-gmbh.de\/produkte\/zufuehrungssysteme\/\" \/>\n<meta property=\"og:site_name\" content=\"HSV GmbH\" \/>\n<meta property=\"article:modified_time\" content=\"2018-12-13T13:01:31+00:00\" \/>\n<meta name=\"twitter:card\" content=\"summary_large_image\" \/>\n<meta name=\"twitter:label1\" content=\"Est. reading time\" \/>\n\t<meta name=\"twitter:data1\" content=\"2 minutes\" \/>\n<script type=\"application\/ld+json\" class=\"yoast-schema-graph\">{\"@context\":\"https:\/\/schema.org\",\"@graph\":[{\"@type\":\"WebPage\",\"@id\":\"https:\/\/hsv-gmbh.de\/produkte\/zufuehrungssysteme\/\",\"url\":\"https:\/\/hsv-gmbh.de\/produkte\/zufuehrungssysteme\/\",\"name\":\"Feeding and assembly systems - HSV GmbH\",\"isPartOf\":{\"@id\":\"https:\/\/hsv-gmbh.de\/#website\"},\"datePublished\":\"2018-05-02T09:46:10+00:00\",\"dateModified\":\"2018-12-13T13:01:31+00:00\",\"description\":\"Unser breites Produktportfolio im Bereich Zuf\u00fchrsysteme beinhaltet Zuf\u00fchr- und Montagesysteme f\u00fcr Kartuschen, Dosen, Deckel, Kolben, Mischer u.v.m.\",\"breadcrumb\":{\"@id\":\"https:\/\/hsv-gmbh.de\/produkte\/zufuehrungssysteme\/#breadcrumb\"},\"inLanguage\":\"en-US\",\"potentialAction\":[{\"@type\":\"ReadAction\",\"target\":[\"https:\/\/hsv-gmbh.de\/produkte\/zufuehrungssysteme\/\"]}]},{\"@type\":\"BreadcrumbList\",\"@id\":\"https:\/\/hsv-gmbh.de\/produkte\/zufuehrungssysteme\/#breadcrumb\",\"itemListElement\":[{\"@type\":\"ListItem\",\"position\":1,\"name\":\"Startseite\",\"item\":\"https:\/\/hsv-gmbh.de\/\"},{\"@type\":\"ListItem\",\"position\":2,\"name\":\"Produkte\",\"item\":\"https:\/\/hsv-gmbh.de\/produkte\/\"},{\"@type\":\"ListItem\",\"position\":3,\"name\":\"Zuf\u00fchrungssysteme\"}]},{\"@type\":\"WebSite\",\"@id\":\"https:\/\/hsv-gmbh.de\/#website\",\"url\":\"https:\/\/hsv-gmbh.de\/\",\"name\":\"HSV GmbH\",\"description\":\"Sondermaschinenbau\",\"potentialAction\":[{\"@type\":\"SearchAction\",\"target\":{\"@type\":\"EntryPoint\",\"urlTemplate\":\"https:\/\/hsv-gmbh.de\/?s={search_term_string}\"},\"query-input\":{\"@type\":\"PropertyValueSpecification\",\"valueRequired\":true,\"valueName\":\"search_term_string\"}}],\"inLanguage\":\"en-US\"}]}<\/script>\n<!-- \/ Yoast SEO plugin. -->","yoast_head_json":{"title":"Feeding and assembly systems - HSV GmbH","description":"Unser breites Produktportfolio im Bereich Zuf\u00fchrsysteme beinhaltet Zuf\u00fchr- und Montagesysteme f\u00fcr Kartuschen, Dosen, Deckel, Kolben, Mischer u.v.m.","robots":{"index":"index","follow":"follow","max-snippet":"max-snippet:-1","max-image-preview":"max-image-preview:large","max-video-preview":"max-video-preview:-1"},"canonical":"https:\/\/hsv-gmbh.de\/produkte\/zufuehrungssysteme\/","og_locale":"en_US","og_type":"article","og_title":"Feeding and assembly systems - HSV GmbH","og_description":"Unser breites Produktportfolio im Bereich Zuf\u00fchrsysteme beinhaltet Zuf\u00fchr- und Montagesysteme f\u00fcr Kartuschen, Dosen, Deckel, Kolben, Mischer u.v.m.","og_url":"https:\/\/hsv-gmbh.de\/produkte\/zufuehrungssysteme\/","og_site_name":"HSV GmbH","article_modified_time":"2018-12-13T13:01:31+00:00","twitter_card":"summary_large_image","twitter_misc":{"Est. reading time":"2 minutes"},"schema":{"@context":"https:\/\/schema.org","@graph":[{"@type":"WebPage","@id":"https:\/\/hsv-gmbh.de\/produkte\/zufuehrungssysteme\/","url":"https:\/\/hsv-gmbh.de\/produkte\/zufuehrungssysteme\/","name":"Feeding and assembly systems - HSV GmbH","isPartOf":{"@id":"https:\/\/hsv-gmbh.de\/#website"},"datePublished":"2018-05-02T09:46:10+00:00","dateModified":"2018-12-13T13:01:31+00:00","description":"Unser breites Produktportfolio im Bereich Zuf\u00fchrsysteme beinhaltet Zuf\u00fchr- und Montagesysteme f\u00fcr Kartuschen, Dosen, Deckel, Kolben, Mischer u.v.m.","breadcrumb":{"@id":"https:\/\/hsv-gmbh.de\/produkte\/zufuehrungssysteme\/#breadcrumb"},"inLanguage":"en-US","potentialAction":[{"@type":"ReadAction","target":["https:\/\/hsv-gmbh.de\/produkte\/zufuehrungssysteme\/"]}]},{"@type":"BreadcrumbList","@id":"https:\/\/hsv-gmbh.de\/produkte\/zufuehrungssysteme\/#breadcrumb","itemListElement":[{"@type":"ListItem","position":1,"name":"Startseite","item":"https:\/\/hsv-gmbh.de\/"},{"@type":"ListItem","position":2,"name":"Produkte","item":"https:\/\/hsv-gmbh.de\/produkte\/"},{"@type":"ListItem","position":3,"name":"Zuf\u00fchrungssysteme"}]},{"@type":"WebSite","@id":"https:\/\/hsv-gmbh.de\/#website","url":"https:\/\/hsv-gmbh.de\/","name":"HSV GmbH","description":"Sondermaschinenbau","potentialAction":[{"@type":"SearchAction","target":{"@type":"EntryPoint","urlTemplate":"https:\/\/hsv-gmbh.de\/?s={search_term_string}"},"query-input":{"@type":"PropertyValueSpecification","valueRequired":true,"valueName":"search_term_string"}}],"inLanguage":"en-US"}]}},"_links":{"self":[{"href":"https:\/\/hsv-gmbh.de\/en\/wp-json\/wp\/v2\/pages\/31"}],"collection":[{"href":"https:\/\/hsv-gmbh.de\/en\/wp-json\/wp\/v2\/pages"}],"about":[{"href":"https:\/\/hsv-gmbh.de\/en\/wp-json\/wp\/v2\/types\/page"}],"author":[{"embeddable":true,"href":"https:\/\/hsv-gmbh.de\/en\/wp-json\/wp\/v2\/users\/1"}],"replies":[{"embeddable":true,"href":"https:\/\/hsv-gmbh.de\/en\/wp-json\/wp\/v2\/comments?post=31"}],"version-history":[{"count":11,"href":"https:\/\/hsv-gmbh.de\/en\/wp-json\/wp\/v2\/pages\/31\/revisions"}],"predecessor-version":[{"id":420,"href":"https:\/\/hsv-gmbh.de\/en\/wp-json\/wp\/v2\/pages\/31\/revisions\/420"}],"up":[{"embeddable":true,"href":"https:\/\/hsv-gmbh.de\/en\/wp-json\/wp\/v2\/pages\/10"}],"wp:attachment":[{"href":"https:\/\/hsv-gmbh.de\/en\/wp-json\/wp\/v2\/media?parent=31"}],"curies":[{"name":"wp","href":"https:\/\/api.w.org\/{rel}","templated":true}]}}