{"id":33,"date":"2018-05-02T11:46:19","date_gmt":"2018-05-02T09:46:19","guid":{"rendered":"http:\/\/hsv-gmbh.de\/wp2018\/?page_id=33"},"modified":"2019-01-09T14:21:48","modified_gmt":"2019-01-09T13:21:48","slug":"etikettierungen","status":"publish","type":"page","link":"https:\/\/hsv-gmbh.de\/en\/produkte\/etikettierungen\/","title":{"rendered":"Labeling Machines"},"content":{"rendered":"<div class=\"wpb-content-wrapper\">[vc_section][vc_row][vc_column][vc_custom_heading text=&#8221;Labeling Machines&#8221; font_container=&#8221;tag:h1|text_align:left&#8221; use_theme_fonts=&#8221;yes&#8221; el_class=&#8221;page-heading&#8221;][\/vc_column][\/vc_row][vc_row][vc_column]\r\n   <div class=\"wv-background-box \" style=\"height:400px;background-image:url('https:\/\/hsv-gmbh.de\/wp-content\/uploads\/2018\/11\/Etikettierer-w-1024x607.jpg')\">\r\n\r\n   <\/div>\r\n\r\n[vc_custom_heading text=&#8221;&#8221;][\/vc_column][\/vc_row][\/vc_section][vc_section][vc_row equal_height=&#8221;yes&#8221;][vc_column css=&#8221;.vc_custom_1525266997961{margin-right: 5px !important;margin-left: 5px !important;}&#8221; el_class=&#8221;home-box no-underline&#8221;]   <span class=\"wv-list-item \" style='color:#222222;'><i class=\"uk-icon-circle\"><\/i>\r\n     <div>\r\n      For round and specially shaped containers\r\n     <\/div>\r\n   <\/span>   <span class=\"wv-list-item \" style='color:#222222;'><i class=\"uk-icon-circle\"><\/i>\r\n     <div>\r\n      with one or two dispenser-heads\r\n     <\/div>\r\n   <\/span>   <span class=\"wv-list-item \" style='color:#222222;'><i class=\"uk-icon-circle\"><\/i>\r\n     <div>\r\n      In-line coding (ink-jet, thermo transfer printing, etc.)\r\n     <\/div>\r\n   <\/span>   <span class=\"wv-list-item \" style='color:#222222;'><i class=\"uk-icon-circle\"><\/i>\r\n     <div>\r\n      Integrated or stand-alone machines \r\n     <\/div>\r\n   <\/span>   <span class=\"wv-list-item \" style='color:#222222;'><i class=\"uk-icon-circle\"><\/i>\r\n     <div>\r\n      Central height adjustment\r\n     <\/div>\r\n   <\/span>   <span class=\"wv-list-item \" style='color:#222222;'><i class=\"uk-icon-circle\"><\/i>\r\n     <div>\r\n      movable\r\n     <\/div>\r\n   <\/span>[\/vc_column][\/vc_row][\/vc_section]<\/div>","protected":false},"excerpt":{"rendered":"<p>[vc_section][vc_row][vc_column][vc_custom_heading text=&#8221;Labeling Machines&#8221; font_container=&#8221;tag:h1|text_align:left&#8221; use_theme_fonts=&#8221;yes&#8221; el_class=&#8221;page-heading&#8221;][\/vc_column][\/vc_row][vc_row][vc_column][vc_custom_heading text=&#8221;&#8221;][\/vc_column][\/vc_row][\/vc_section][vc_section][vc_row equal_height=&#8221;yes&#8221;][vc_column css=&#8221;.vc_custom_1525266997961{margin-right: 5px !important;margin-left: 5px !important;}&#8221; el_class=&#8221;home-box no-underline&#8221;][\/vc_column][\/vc_row][\/vc_section]<\/p>\n","protected":false},"author":1,"featured_media":0,"parent":10,"menu_order":0,"comment_status":"closed","ping_status":"closed","template":"","meta":{"footnotes":""},"class_list":["post-33","page","type-page","status-publish","hentry"],"yoast_head":"<!-- This site is optimized with the Yoast SEO plugin v23.5 - https:\/\/yoast.com\/wordpress\/plugins\/seo\/ -->\n<title>Labeling Machines - HSV GmbH<\/title>\n<meta name=\"description\" content=\"Pr\u00e4zise und wirtschaftlich \u2013 die Etikettieranlagen der HSV arbeiten effizient und werden h\u00f6chsten Qualit\u00e4ts- und Leistungsanspr\u00fcchen gerecht.\" \/>\n<meta name=\"robots\" content=\"index, follow, max-snippet:-1, max-image-preview:large, max-video-preview:-1\" \/>\n<link rel=\"canonical\" href=\"https:\/\/hsv-gmbh.de\/produkte\/etikettierungen\/\" \/>\n<meta property=\"og:locale\" content=\"en_US\" \/>\n<meta property=\"og:type\" content=\"article\" \/>\n<meta property=\"og:title\" content=\"Labeling Machines - HSV GmbH\" \/>\n<meta property=\"og:description\" content=\"{:de}Pr\u00e4zise und wirtschaftlich \u2013 die Etikettieranlagen der HSV arbeiten effizient und werden h\u00f6chsten Qualit\u00e4ts- und Leistungsanspr\u00fcchen gerecht.{:}\" \/>\n<meta property=\"og:url\" content=\"https:\/\/hsv-gmbh.de\/produkte\/etikettierungen\/\" \/>\n<meta property=\"og:site_name\" content=\"HSV GmbH\" \/>\n<meta property=\"article:modified_time\" content=\"2019-01-09T13:21:48+00:00\" \/>\n<meta name=\"twitter:card\" content=\"summary_large_image\" \/>\n<meta name=\"twitter:label1\" content=\"Est. reading time\" \/>\n\t<meta name=\"twitter:data1\" content=\"2 minutes\" \/>\n<script type=\"application\/ld+json\" class=\"yoast-schema-graph\">{\"@context\":\"https:\/\/schema.org\",\"@graph\":[{\"@type\":\"WebPage\",\"@id\":\"https:\/\/hsv-gmbh.de\/produkte\/etikettierungen\/\",\"url\":\"https:\/\/hsv-gmbh.de\/produkte\/etikettierungen\/\",\"name\":\"Labeling Machines - HSV GmbH\",\"isPartOf\":{\"@id\":\"https:\/\/hsv-gmbh.de\/#website\"},\"datePublished\":\"2018-05-02T09:46:19+00:00\",\"dateModified\":\"2019-01-09T13:21:48+00:00\",\"description\":\"{:de}Pr\u00e4zise und wirtschaftlich \u2013 die Etikettieranlagen der HSV arbeiten effizient und werden h\u00f6chsten Qualit\u00e4ts- und Leistungsanspr\u00fcchen gerecht.{:}\",\"breadcrumb\":{\"@id\":\"https:\/\/hsv-gmbh.de\/produkte\/etikettierungen\/#breadcrumb\"},\"inLanguage\":\"en-US\",\"potentialAction\":[{\"@type\":\"ReadAction\",\"target\":[\"https:\/\/hsv-gmbh.de\/produkte\/etikettierungen\/\"]}]},{\"@type\":\"BreadcrumbList\",\"@id\":\"https:\/\/hsv-gmbh.de\/produkte\/etikettierungen\/#breadcrumb\",\"itemListElement\":[{\"@type\":\"ListItem\",\"position\":1,\"name\":\"Startseite\",\"item\":\"https:\/\/hsv-gmbh.de\/\"},{\"@type\":\"ListItem\",\"position\":2,\"name\":\"Produkte\",\"item\":\"https:\/\/hsv-gmbh.de\/produkte\/\"},{\"@type\":\"ListItem\",\"position\":3,\"name\":\"Etikettierungen\"}]},{\"@type\":\"WebSite\",\"@id\":\"https:\/\/hsv-gmbh.de\/#website\",\"url\":\"https:\/\/hsv-gmbh.de\/\",\"name\":\"HSV GmbH\",\"description\":\"Sondermaschinenbau\",\"potentialAction\":[{\"@type\":\"SearchAction\",\"target\":{\"@type\":\"EntryPoint\",\"urlTemplate\":\"https:\/\/hsv-gmbh.de\/?s={search_term_string}\"},\"query-input\":{\"@type\":\"PropertyValueSpecification\",\"valueRequired\":true,\"valueName\":\"search_term_string\"}}],\"inLanguage\":\"en-US\"}]}<\/script>\n<!-- \/ Yoast SEO plugin. -->","yoast_head_json":{"title":"Labeling Machines - HSV GmbH","description":"Pr\u00e4zise und wirtschaftlich \u2013 die Etikettieranlagen der HSV arbeiten effizient und werden h\u00f6chsten Qualit\u00e4ts- und Leistungsanspr\u00fcchen gerecht.","robots":{"index":"index","follow":"follow","max-snippet":"max-snippet:-1","max-image-preview":"max-image-preview:large","max-video-preview":"max-video-preview:-1"},"canonical":"https:\/\/hsv-gmbh.de\/produkte\/etikettierungen\/","og_locale":"en_US","og_type":"article","og_title":"Labeling Machines - HSV GmbH","og_description":"{:de}Pr\u00e4zise und wirtschaftlich \u2013 die Etikettieranlagen der HSV arbeiten effizient und werden h\u00f6chsten Qualit\u00e4ts- und Leistungsanspr\u00fcchen gerecht.{:}","og_url":"https:\/\/hsv-gmbh.de\/produkte\/etikettierungen\/","og_site_name":"HSV GmbH","article_modified_time":"2019-01-09T13:21:48+00:00","twitter_card":"summary_large_image","twitter_misc":{"Est. reading time":"2 minutes"},"schema":{"@context":"https:\/\/schema.org","@graph":[{"@type":"WebPage","@id":"https:\/\/hsv-gmbh.de\/produkte\/etikettierungen\/","url":"https:\/\/hsv-gmbh.de\/produkte\/etikettierungen\/","name":"Labeling Machines - HSV GmbH","isPartOf":{"@id":"https:\/\/hsv-gmbh.de\/#website"},"datePublished":"2018-05-02T09:46:19+00:00","dateModified":"2019-01-09T13:21:48+00:00","description":"{:de}Pr\u00e4zise und wirtschaftlich \u2013 die Etikettieranlagen der HSV arbeiten effizient und werden h\u00f6chsten Qualit\u00e4ts- und Leistungsanspr\u00fcchen gerecht.{:}","breadcrumb":{"@id":"https:\/\/hsv-gmbh.de\/produkte\/etikettierungen\/#breadcrumb"},"inLanguage":"en-US","potentialAction":[{"@type":"ReadAction","target":["https:\/\/hsv-gmbh.de\/produkte\/etikettierungen\/"]}]},{"@type":"BreadcrumbList","@id":"https:\/\/hsv-gmbh.de\/produkte\/etikettierungen\/#breadcrumb","itemListElement":[{"@type":"ListItem","position":1,"name":"Startseite","item":"https:\/\/hsv-gmbh.de\/"},{"@type":"ListItem","position":2,"name":"Produkte","item":"https:\/\/hsv-gmbh.de\/produkte\/"},{"@type":"ListItem","position":3,"name":"Etikettierungen"}]},{"@type":"WebSite","@id":"https:\/\/hsv-gmbh.de\/#website","url":"https:\/\/hsv-gmbh.de\/","name":"HSV GmbH","description":"Sondermaschinenbau","potentialAction":[{"@type":"SearchAction","target":{"@type":"EntryPoint","urlTemplate":"https:\/\/hsv-gmbh.de\/?s={search_term_string}"},"query-input":{"@type":"PropertyValueSpecification","valueRequired":true,"valueName":"search_term_string"}}],"inLanguage":"en-US"}]}},"_links":{"self":[{"href":"https:\/\/hsv-gmbh.de\/en\/wp-json\/wp\/v2\/pages\/33"}],"collection":[{"href":"https:\/\/hsv-gmbh.de\/en\/wp-json\/wp\/v2\/pages"}],"about":[{"href":"https:\/\/hsv-gmbh.de\/en\/wp-json\/wp\/v2\/types\/page"}],"author":[{"embeddable":true,"href":"https:\/\/hsv-gmbh.de\/en\/wp-json\/wp\/v2\/users\/1"}],"replies":[{"embeddable":true,"href":"https:\/\/hsv-gmbh.de\/en\/wp-json\/wp\/v2\/comments?post=33"}],"version-history":[{"count":2,"href":"https:\/\/hsv-gmbh.de\/en\/wp-json\/wp\/v2\/pages\/33\/revisions"}],"predecessor-version":[{"id":421,"href":"https:\/\/hsv-gmbh.de\/en\/wp-json\/wp\/v2\/pages\/33\/revisions\/421"}],"up":[{"embeddable":true,"href":"https:\/\/hsv-gmbh.de\/en\/wp-json\/wp\/v2\/pages\/10"}],"wp:attachment":[{"href":"https:\/\/hsv-gmbh.de\/en\/wp-json\/wp\/v2\/media?parent=33"}],"curies":[{"name":"wp","href":"https:\/\/api.w.org\/{rel}","templated":true}]}}