{"id":35,"date":"2018-05-02T11:46:32","date_gmt":"2018-05-02T09:46:32","guid":{"rendered":"http:\/\/hsv-gmbh.de\/wp2018\/?page_id=35"},"modified":"2019-01-09T14:23:08","modified_gmt":"2019-01-09T13:23:08","slug":"labor-pruefgeraete","status":"publish","type":"page","link":"https:\/\/hsv-gmbh.de\/en\/produkte\/labor-pruefgeraete\/","title":{"rendered":"Laboratory and Testing Equipment"},"content":{"rendered":"<div class=\"wpb-content-wrapper\">[vc_section][vc_row][vc_column][vc_custom_heading text=&#8221;Laboratory and Testing Equipment&#8221; font_container=&#8221;tag:h1|text_align:left&#8221; use_theme_fonts=&#8221;yes&#8221; el_class=&#8221;page-heading&#8221;][\/vc_column][\/vc_row][vc_row][vc_column]\r\n   <div class=\"wv-background-box \" style=\"height:400px;background-image:url('https:\/\/hsv-gmbh.de\/wp-content\/uploads\/2018\/11\/22001_-16-w-1024x614.jpg')\">\r\n\r\n   <\/div>\r\n\r\n[vc_custom_heading text=&#8221;&#8221;][\/vc_column][\/vc_row][\/vc_section][vc_section][vc_row equal_height=&#8221;yes&#8221;][vc_column css=&#8221;.vc_custom_1525266997961{margin-right: 5px !important;margin-left: 5px !important;}&#8221; el_class=&#8221;home-box no-underline&#8221;]   <span class=\"wv-list-item \" style='color:#222222;'><i class=\"uk-icon-circle\"><\/i>\r\n     <div>\r\n      Hand filling machines for highly viscous and moisture-sensitive products\r\n     <\/div>\r\n   <\/span>   <span class=\"wv-list-item \" style='color:#222222;'><i class=\"uk-icon-circle\"><\/i>\r\n     <div>\r\n      Manual and pneumatic piston setters for 1 and 2 component cartridges\r\n     <\/div>\r\n   <\/span>   <span class=\"wv-list-item \" style='color:#222222;'><i class=\"uk-icon-circle\"><\/i>\r\n     <div>\r\n      Discharge tester for flex-pacs as well as 1 and 2 component cartridges: -To check for air-free filling -For comparing the discharge of different mixers -For viscosity control -For determination of the discharge force\r\n     <\/div>\r\n   <\/span>   <span class=\"wv-list-item \" style='color:#222222;'><i class=\"uk-icon-circle\"><\/i>\r\n     <div>\r\n      Centrifuges for deaerating laboratory batches\r\n     <\/div>\r\n   <\/span>[\/vc_column][\/vc_row][\/vc_section]<\/div>","protected":false},"excerpt":{"rendered":"<p>[vc_section][vc_row][vc_column][vc_custom_heading text=&#8221;Laboratory and Testing Equipment&#8221; font_container=&#8221;tag:h1|text_align:left&#8221; use_theme_fonts=&#8221;yes&#8221; el_class=&#8221;page-heading&#8221;][\/vc_column][\/vc_row][vc_row][vc_column][vc_custom_heading text=&#8221;&#8221;][\/vc_column][\/vc_row][\/vc_section][vc_section][vc_row equal_height=&#8221;yes&#8221;][vc_column css=&#8221;.vc_custom_1525266997961{margin-right: 5px !important;margin-left: 5px !important;}&#8221; el_class=&#8221;home-box no-underline&#8221;][\/vc_column][\/vc_row][\/vc_section]<\/p>\n","protected":false},"author":1,"featured_media":0,"parent":10,"menu_order":0,"comment_status":"closed","ping_status":"closed","template":"","meta":{"footnotes":""},"class_list":["post-35","page","type-page","status-publish","hentry"],"yoast_head":"<!-- This site is optimized with the Yoast SEO plugin v23.5 - https:\/\/yoast.com\/wordpress\/plugins\/seo\/ -->\n<title>Laboratory and Testing Equipment - HSV GmbH<\/title>\n<meta name=\"description\" content=\"Labor- und Pr\u00fcfger\u00e4te der HSV Sondermaschinenbau GmbH erf\u00fcllen alle Anforderungen in Sachen Genauigkeit, Pr\u00e4zision und Effizienz.\" \/>\n<meta name=\"robots\" content=\"index, follow, max-snippet:-1, max-image-preview:large, max-video-preview:-1\" \/>\n<link rel=\"canonical\" href=\"https:\/\/hsv-gmbh.de\/produkte\/labor-pruefgeraete\/\" \/>\n<meta property=\"og:locale\" content=\"en_US\" \/>\n<meta property=\"og:type\" content=\"article\" \/>\n<meta property=\"og:title\" content=\"Laboratory and Testing Equipment - HSV GmbH\" \/>\n<meta property=\"og:description\" content=\"{:de}Labor- und Pr\u00fcfger\u00e4te der HSV Sondermaschinenbau GmbH erf\u00fcllen alle Anforderungen in Sachen Genauigkeit, Pr\u00e4zision und Effizienz.{:}\" \/>\n<meta property=\"og:url\" content=\"https:\/\/hsv-gmbh.de\/produkte\/labor-pruefgeraete\/\" \/>\n<meta property=\"og:site_name\" content=\"HSV GmbH\" \/>\n<meta property=\"article:modified_time\" content=\"2019-01-09T13:23:08+00:00\" \/>\n<meta name=\"twitter:card\" content=\"summary_large_image\" \/>\n<meta name=\"twitter:label1\" content=\"Est. reading time\" \/>\n\t<meta name=\"twitter:data1\" content=\"2 minutes\" \/>\n<script type=\"application\/ld+json\" class=\"yoast-schema-graph\">{\"@context\":\"https:\/\/schema.org\",\"@graph\":[{\"@type\":\"WebPage\",\"@id\":\"https:\/\/hsv-gmbh.de\/produkte\/labor-pruefgeraete\/\",\"url\":\"https:\/\/hsv-gmbh.de\/produkte\/labor-pruefgeraete\/\",\"name\":\"Laboratory and Testing Equipment - HSV GmbH\",\"isPartOf\":{\"@id\":\"https:\/\/hsv-gmbh.de\/#website\"},\"datePublished\":\"2018-05-02T09:46:32+00:00\",\"dateModified\":\"2019-01-09T13:23:08+00:00\",\"description\":\"{:de}Labor- und Pr\u00fcfger\u00e4te der HSV Sondermaschinenbau GmbH erf\u00fcllen alle Anforderungen in Sachen Genauigkeit, Pr\u00e4zision und Effizienz.{:}\",\"breadcrumb\":{\"@id\":\"https:\/\/hsv-gmbh.de\/produkte\/labor-pruefgeraete\/#breadcrumb\"},\"inLanguage\":\"en-US\",\"potentialAction\":[{\"@type\":\"ReadAction\",\"target\":[\"https:\/\/hsv-gmbh.de\/produkte\/labor-pruefgeraete\/\"]}]},{\"@type\":\"BreadcrumbList\",\"@id\":\"https:\/\/hsv-gmbh.de\/produkte\/labor-pruefgeraete\/#breadcrumb\",\"itemListElement\":[{\"@type\":\"ListItem\",\"position\":1,\"name\":\"Startseite\",\"item\":\"https:\/\/hsv-gmbh.de\/\"},{\"@type\":\"ListItem\",\"position\":2,\"name\":\"Produkte\",\"item\":\"https:\/\/hsv-gmbh.de\/produkte\/\"},{\"@type\":\"ListItem\",\"position\":3,\"name\":\"Labor- &#038; Pr\u00fcfger\u00e4te\"}]},{\"@type\":\"WebSite\",\"@id\":\"https:\/\/hsv-gmbh.de\/#website\",\"url\":\"https:\/\/hsv-gmbh.de\/\",\"name\":\"HSV GmbH\",\"description\":\"Sondermaschinenbau\",\"potentialAction\":[{\"@type\":\"SearchAction\",\"target\":{\"@type\":\"EntryPoint\",\"urlTemplate\":\"https:\/\/hsv-gmbh.de\/?s={search_term_string}\"},\"query-input\":{\"@type\":\"PropertyValueSpecification\",\"valueRequired\":true,\"valueName\":\"search_term_string\"}}],\"inLanguage\":\"en-US\"}]}<\/script>\n<!-- \/ Yoast SEO plugin. -->","yoast_head_json":{"title":"Laboratory and Testing Equipment - HSV GmbH","description":"Labor- und Pr\u00fcfger\u00e4te der HSV Sondermaschinenbau GmbH erf\u00fcllen alle Anforderungen in Sachen Genauigkeit, Pr\u00e4zision und Effizienz.","robots":{"index":"index","follow":"follow","max-snippet":"max-snippet:-1","max-image-preview":"max-image-preview:large","max-video-preview":"max-video-preview:-1"},"canonical":"https:\/\/hsv-gmbh.de\/produkte\/labor-pruefgeraete\/","og_locale":"en_US","og_type":"article","og_title":"Laboratory and Testing Equipment - HSV GmbH","og_description":"{:de}Labor- und Pr\u00fcfger\u00e4te der HSV Sondermaschinenbau GmbH erf\u00fcllen alle Anforderungen in Sachen Genauigkeit, Pr\u00e4zision und Effizienz.{:}","og_url":"https:\/\/hsv-gmbh.de\/produkte\/labor-pruefgeraete\/","og_site_name":"HSV GmbH","article_modified_time":"2019-01-09T13:23:08+00:00","twitter_card":"summary_large_image","twitter_misc":{"Est. reading time":"2 minutes"},"schema":{"@context":"https:\/\/schema.org","@graph":[{"@type":"WebPage","@id":"https:\/\/hsv-gmbh.de\/produkte\/labor-pruefgeraete\/","url":"https:\/\/hsv-gmbh.de\/produkte\/labor-pruefgeraete\/","name":"Laboratory and Testing Equipment - HSV GmbH","isPartOf":{"@id":"https:\/\/hsv-gmbh.de\/#website"},"datePublished":"2018-05-02T09:46:32+00:00","dateModified":"2019-01-09T13:23:08+00:00","description":"{:de}Labor- und Pr\u00fcfger\u00e4te der HSV Sondermaschinenbau GmbH erf\u00fcllen alle Anforderungen in Sachen Genauigkeit, Pr\u00e4zision und Effizienz.{:}","breadcrumb":{"@id":"https:\/\/hsv-gmbh.de\/produkte\/labor-pruefgeraete\/#breadcrumb"},"inLanguage":"en-US","potentialAction":[{"@type":"ReadAction","target":["https:\/\/hsv-gmbh.de\/produkte\/labor-pruefgeraete\/"]}]},{"@type":"BreadcrumbList","@id":"https:\/\/hsv-gmbh.de\/produkte\/labor-pruefgeraete\/#breadcrumb","itemListElement":[{"@type":"ListItem","position":1,"name":"Startseite","item":"https:\/\/hsv-gmbh.de\/"},{"@type":"ListItem","position":2,"name":"Produkte","item":"https:\/\/hsv-gmbh.de\/produkte\/"},{"@type":"ListItem","position":3,"name":"Labor- &#038; Pr\u00fcfger\u00e4te"}]},{"@type":"WebSite","@id":"https:\/\/hsv-gmbh.de\/#website","url":"https:\/\/hsv-gmbh.de\/","name":"HSV GmbH","description":"Sondermaschinenbau","potentialAction":[{"@type":"SearchAction","target":{"@type":"EntryPoint","urlTemplate":"https:\/\/hsv-gmbh.de\/?s={search_term_string}"},"query-input":{"@type":"PropertyValueSpecification","valueRequired":true,"valueName":"search_term_string"}}],"inLanguage":"en-US"}]}},"_links":{"self":[{"href":"https:\/\/hsv-gmbh.de\/en\/wp-json\/wp\/v2\/pages\/35"}],"collection":[{"href":"https:\/\/hsv-gmbh.de\/en\/wp-json\/wp\/v2\/pages"}],"about":[{"href":"https:\/\/hsv-gmbh.de\/en\/wp-json\/wp\/v2\/types\/page"}],"author":[{"embeddable":true,"href":"https:\/\/hsv-gmbh.de\/en\/wp-json\/wp\/v2\/users\/1"}],"replies":[{"embeddable":true,"href":"https:\/\/hsv-gmbh.de\/en\/wp-json\/wp\/v2\/comments?post=35"}],"version-history":[{"count":4,"href":"https:\/\/hsv-gmbh.de\/en\/wp-json\/wp\/v2\/pages\/35\/revisions"}],"predecessor-version":[{"id":433,"href":"https:\/\/hsv-gmbh.de\/en\/wp-json\/wp\/v2\/pages\/35\/revisions\/433"}],"up":[{"embeddable":true,"href":"https:\/\/hsv-gmbh.de\/en\/wp-json\/wp\/v2\/pages\/10"}],"wp:attachment":[{"href":"https:\/\/hsv-gmbh.de\/en\/wp-json\/wp\/v2\/media?parent=35"}],"curies":[{"name":"wp","href":"https:\/\/api.w.org\/{rel}","templated":true}]}}