{"id":413,"date":"2026-02-26T11:04:14","date_gmt":"2026-02-26T10:04:14","guid":{"rendered":"https:\/\/hsv-gmbh.de\/impressum\/"},"modified":"2026-04-10T10:41:30","modified_gmt":"2026-04-10T08:41:30","slug":"imprint","status":"publish","type":"page","link":"https:\/\/hsv-gmbh.de\/en\/imprint\/","title":{"rendered":"Imprint"},"content":{"rendered":"<h1>Imprint<\/h1>\n<div>\n<p><strong>HSV Sondermaschinenbau GmbH<\/strong><br \/>Abf\u00fcll- + Verpackungsl\u00f6sungen aus einer Hand<br \/>Eglosheimer Str. 101<\/p>\n<p>D-71679 Asperg<br \/>Tel. <a href=\"tel:00497141916040\">07141 \/ 91604-0<\/a><br \/>Fax. 07141 \/ 91604-1<br \/><span data-user=\"info\" data-domain=\"hsv-gmbh.de\"><\/span><br \/>www.hsv-gmbh.de<\/p>\n<\/p>\n<p>USt. IDNr. DE 203 904 658<br \/>HRB 205816 Gerichtsstand AG Ludwigsburg<br \/>Sitz der Gesellschaft 71679 Asperg<\/p>\n<p>Gesch\u00e4ftsf\u00fchrer:<br \/>Reimund Veigel<br \/>Waldemar Hert<\/p>\n<div class=\"hr1\">Verantwortlich f\u00fcr den Inhalt: Reimund Veigel, Waldemar Hert<\/div>\n<\/div>\n<p><!--more--><br \/>\n<!-- {\"type\":\"layout\",\"children\":[{\"type\":\"section\",\"props\":{\"image_position\":\"center-center\",\"padding_bottom\":\"none\",\"padding_top\":\"none\",\"style\":\"default\",\"title_breakpoint\":\"xl\",\"title_position\":\"top-left\",\"title_rotation\":\"left\",\"vertical_align\":\"middle\",\"width\":\"\"},\"children\":[{\"type\":\"row\",\"children\":[{\"type\":\"column\",\"props\":{\"image_position\":\"center-center\",\"position_sticky_breakpoint\":\"m\"},\"children\":[{\"type\":\"module\",\"props\":{\"menu_image_align\":\"center\",\"menu_image_margin\":true,\"menu_style\":\"default\",\"menu_type\":\"nav\",\"type\":\"builderwidget\",\"widget\":\"builderwidget-2\"}}]}]}],\"name\":\"Slideshow\"},{\"type\":\"section\",\"props\":{\"height\":\"page\",\"image_position\":\"center-center\",\"style\":\"secondary\",\"title_breakpoint\":\"xl\",\"title_position\":\"top-left\",\"title_rotation\":\"left\",\"vertical_align\":\"middle\",\"width\":\"default\"},\"children\":[{\"type\":\"row\",\"children\":[{\"type\":\"column\",\"props\":{\"image_position\":\"center-center\",\"position_sticky_breakpoint\":\"m\"},\"children\":[{\"type\":\"headline\",\"props\":{\"class\":\"subpage-headline\",\"content\":\"Imprint\",\"image_align\":\"left\",\"image_margin\":\"xsmall\",\"title_element\":\"h1\",\"title_style\":\"h1\"},\"name\":\"Subpage Headline\"}]}]},{\"type\":\"row\",\"props\":{\"margin_top\":\"default\"},\"children\":[{\"type\":\"column\",\"props\":{\"image_position\":\"center-center\",\"position_sticky_breakpoint\":\"m\"},\"children\":[{\"type\":\"text\",\"props\":{\"column_breakpoint\":\"m\",\"content\":\"\n\n<p><strong>HSV Sondermaschinenbau GmbH<\/strong><br \/>Abf\u00fcll- + Verpackungsl\u00f6sungen aus einer Hand<br \/>Eglosheimer Str. 101<\/p>\n\n\\n\n\n<p>D-71679 Asperg<br \/>Tel. <a href=\\\"tel:00497141916040\\\">07141 \/ 91604-0<\/a><br \/>Fax. 07141 \/ 91604-1<br \/><span data-user=\\\"info\\\" data-domain=\\\"hsv-gmbh.de\\\"><\/span><br \/>www.hsv-gmbh.de<\/p>\n\n\\n\n\n\n\n\\n\n\n<p>USt. IDNr. DE 203 904 658<br \/>HRB 205816 Gerichtsstand AG Ludwigsburg<br \/>Sitz der Gesellschaft 71679 Asperg<\/p>\n\n\\n\n\n<p>Gesch\u00e4ftsf\u00fchrer:<br \/>Reimund Veigel<br \/>Waldemar Hert<\/p>\n\n\\n\n\n<div class=\\\"hr1\\\">Verantwortlich f\u00fcr den Inhalt: Reimund Veigel, Waldemar Hert<\/div>\n\n\",\"margin_bottom\":\"default\",\"margin_top\":\"default\"}}]}]}]}],\"version\":\"5.0.17\"} --><\/p>\n","protected":false},"excerpt":{"rendered":"<p>Imprint HSV Sondermaschinenbau GmbHAbf\u00fcll- + Verpackungsl\u00f6sungen aus einer HandEglosheimer Str. 101 D-71679 AspergTel. 07141 \/ 91604-0Fax. 07141 \/ 91604-1www.hsv-gmbh.de USt. IDNr. DE 203 904 658HRB 205816 Gerichtsstand AG LudwigsburgSitz der Gesellschaft 71679 Asperg Gesch\u00e4ftsf\u00fchrer:Reimund VeigelWaldemar Hert Verantwortlich f\u00fcr den Inhalt: Reimund Veigel, Waldemar Hert<\/p>\n","protected":false},"author":1,"featured_media":0,"parent":0,"menu_order":0,"comment_status":"closed","ping_status":"closed","template":"","meta":{"footnotes":""},"class_list":["post-413","page","type-page","status-publish","hentry"],"yoast_head":"<!-- This site is optimized with the Yoast SEO plugin v27.3 - https:\/\/yoast.com\/product\/yoast-seo-wordpress\/ -->\n<title>Imprint - HSV GmbH<\/title>\n<meta name=\"robots\" content=\"index, follow, max-snippet:-1, max-image-preview:large, max-video-preview:-1\" \/>\n<link rel=\"canonical\" href=\"https:\/\/hsv-gmbh.de\/en\/imprint\/\" \/>\n<meta property=\"og:locale\" content=\"en_US\" \/>\n<meta property=\"og:type\" content=\"article\" \/>\n<meta property=\"og:title\" content=\"Imprint - HSV GmbH\" \/>\n<meta property=\"og:description\" content=\"Imprint HSV Sondermaschinenbau GmbHAbf\u00fcll- + Verpackungsl\u00f6sungen aus einer HandEglosheimer Str. 101 D-71679 AspergTel. 07141 \/ 91604-0Fax. 07141 \/ 91604-1www.hsv-gmbh.de USt. IDNr. DE 203 904 658HRB 205816 Gerichtsstand AG LudwigsburgSitz der Gesellschaft 71679 Asperg Gesch\u00e4ftsf\u00fchrer:Reimund VeigelWaldemar Hert Verantwortlich f\u00fcr den Inhalt: Reimund Veigel, Waldemar Hert\" \/>\n<meta property=\"og:url\" content=\"https:\/\/hsv-gmbh.de\/en\/imprint\/\" \/>\n<meta property=\"og:site_name\" content=\"HSV GmbH\" \/>\n<meta property=\"article:modified_time\" content=\"2026-04-10T08:41:30+00:00\" \/>\n<meta name=\"twitter:card\" content=\"summary_large_image\" \/>\n<meta name=\"twitter:label1\" content=\"Est. reading time\" \/>\n\t<meta name=\"twitter:data1\" content=\"1 minute\" \/>\n<script type=\"application\/ld+json\" class=\"yoast-schema-graph\">{\"@context\":\"https:\\\/\\\/schema.org\",\"@graph\":[{\"@type\":\"WebPage\",\"@id\":\"https:\\\/\\\/hsv-gmbh.de\\\/en\\\/imprint\\\/\",\"url\":\"https:\\\/\\\/hsv-gmbh.de\\\/en\\\/imprint\\\/\",\"name\":\"Imprint - HSV GmbH\",\"isPartOf\":{\"@id\":\"https:\\\/\\\/hsv-gmbh.de\\\/en\\\/#website\"},\"datePublished\":\"2026-02-26T10:04:14+00:00\",\"dateModified\":\"2026-04-10T08:41:30+00:00\",\"breadcrumb\":{\"@id\":\"https:\\\/\\\/hsv-gmbh.de\\\/en\\\/imprint\\\/#breadcrumb\"},\"inLanguage\":\"en-US\",\"potentialAction\":[{\"@type\":\"ReadAction\",\"target\":[\"https:\\\/\\\/hsv-gmbh.de\\\/en\\\/imprint\\\/\"]}]},{\"@type\":\"BreadcrumbList\",\"@id\":\"https:\\\/\\\/hsv-gmbh.de\\\/en\\\/imprint\\\/#breadcrumb\",\"itemListElement\":[{\"@type\":\"ListItem\",\"position\":1,\"name\":\"Start\",\"item\":\"https:\\\/\\\/hsv-gmbh.de\\\/en\\\/\"},{\"@type\":\"ListItem\",\"position\":2,\"name\":\"Imprint\"}]},{\"@type\":\"WebSite\",\"@id\":\"https:\\\/\\\/hsv-gmbh.de\\\/en\\\/#website\",\"url\":\"https:\\\/\\\/hsv-gmbh.de\\\/en\\\/\",\"name\":\"HSV GmbH - Sondermaschinenbau\",\"description\":\"Sondermaschinenbau\",\"potentialAction\":[{\"@type\":\"SearchAction\",\"target\":{\"@type\":\"EntryPoint\",\"urlTemplate\":\"https:\\\/\\\/hsv-gmbh.de\\\/en\\\/?s={search_term_string}\"},\"query-input\":{\"@type\":\"PropertyValueSpecification\",\"valueRequired\":true,\"valueName\":\"search_term_string\"}}],\"inLanguage\":\"en-US\"}]}<\/script>\n<!-- \/ Yoast SEO plugin. -->","yoast_head_json":{"title":"Imprint - HSV GmbH","robots":{"index":"index","follow":"follow","max-snippet":"max-snippet:-1","max-image-preview":"max-image-preview:large","max-video-preview":"max-video-preview:-1"},"canonical":"https:\/\/hsv-gmbh.de\/en\/imprint\/","og_locale":"en_US","og_type":"article","og_title":"Imprint - HSV GmbH","og_description":"Imprint HSV Sondermaschinenbau GmbHAbf\u00fcll- + Verpackungsl\u00f6sungen aus einer HandEglosheimer Str. 101 D-71679 AspergTel. 07141 \/ 91604-0Fax. 07141 \/ 91604-1www.hsv-gmbh.de USt. IDNr. DE 203 904 658HRB 205816 Gerichtsstand AG LudwigsburgSitz der Gesellschaft 71679 Asperg Gesch\u00e4ftsf\u00fchrer:Reimund VeigelWaldemar Hert Verantwortlich f\u00fcr den Inhalt: Reimund Veigel, Waldemar Hert","og_url":"https:\/\/hsv-gmbh.de\/en\/imprint\/","og_site_name":"HSV GmbH","article_modified_time":"2026-04-10T08:41:30+00:00","twitter_card":"summary_large_image","twitter_misc":{"Est. reading time":"1 minute"},"schema":{"@context":"https:\/\/schema.org","@graph":[{"@type":"WebPage","@id":"https:\/\/hsv-gmbh.de\/en\/imprint\/","url":"https:\/\/hsv-gmbh.de\/en\/imprint\/","name":"Imprint - HSV GmbH","isPartOf":{"@id":"https:\/\/hsv-gmbh.de\/en\/#website"},"datePublished":"2026-02-26T10:04:14+00:00","dateModified":"2026-04-10T08:41:30+00:00","breadcrumb":{"@id":"https:\/\/hsv-gmbh.de\/en\/imprint\/#breadcrumb"},"inLanguage":"en-US","potentialAction":[{"@type":"ReadAction","target":["https:\/\/hsv-gmbh.de\/en\/imprint\/"]}]},{"@type":"BreadcrumbList","@id":"https:\/\/hsv-gmbh.de\/en\/imprint\/#breadcrumb","itemListElement":[{"@type":"ListItem","position":1,"name":"Start","item":"https:\/\/hsv-gmbh.de\/en\/"},{"@type":"ListItem","position":2,"name":"Imprint"}]},{"@type":"WebSite","@id":"https:\/\/hsv-gmbh.de\/en\/#website","url":"https:\/\/hsv-gmbh.de\/en\/","name":"HSV GmbH - Sondermaschinenbau","description":"Sondermaschinenbau","potentialAction":[{"@type":"SearchAction","target":{"@type":"EntryPoint","urlTemplate":"https:\/\/hsv-gmbh.de\/en\/?s={search_term_string}"},"query-input":{"@type":"PropertyValueSpecification","valueRequired":true,"valueName":"search_term_string"}}],"inLanguage":"en-US"}]}},"_links":{"self":[{"href":"https:\/\/hsv-gmbh.de\/en\/wp-json\/wp\/v2\/pages\/413","targetHints":{"allow":["GET"]}}],"collection":[{"href":"https:\/\/hsv-gmbh.de\/en\/wp-json\/wp\/v2\/pages"}],"about":[{"href":"https:\/\/hsv-gmbh.de\/en\/wp-json\/wp\/v2\/types\/page"}],"author":[{"embeddable":true,"href":"https:\/\/hsv-gmbh.de\/en\/wp-json\/wp\/v2\/users\/1"}],"replies":[{"embeddable":true,"href":"https:\/\/hsv-gmbh.de\/en\/wp-json\/wp\/v2\/comments?post=413"}],"version-history":[{"count":3,"href":"https:\/\/hsv-gmbh.de\/en\/wp-json\/wp\/v2\/pages\/413\/revisions"}],"predecessor-version":[{"id":474,"href":"https:\/\/hsv-gmbh.de\/en\/wp-json\/wp\/v2\/pages\/413\/revisions\/474"}],"wp:attachment":[{"href":"https:\/\/hsv-gmbh.de\/en\/wp-json\/wp\/v2\/media?parent=413"}],"curies":[{"name":"wp","href":"https:\/\/api.w.org\/{rel}","templated":true}]}}