{"id":98,"date":"2018-05-02T14:05:04","date_gmt":"2018-05-02T12:05:04","guid":{"rendered":"http:\/\/hsv-gmbh.de\/wp2018\/?page_id=98"},"modified":"2026-01-30T20:59:35","modified_gmt":"2026-01-30T19:59:35","slug":"stellenangebote","status":"publish","type":"page","link":"https:\/\/hsv-gmbh.de\/en\/karriere\/stellenangebote\/","title":{"rendered":"Stellenangebote"},"content":{"rendered":"<div class=\"wpb-content-wrapper\"><p>[vc_section][vc_row css=&#8221;.vc_custom_1525785349388{margin-bottom: 30px !important;}&#8221;][vc_column][vc_custom_heading text=&#8221;Maschinenbau Jobs bei der HSV.&#8221; font_container=&#8221;tag:h1|text_align:left&#8221; use_theme_fonts=&#8221;yes&#8221; el_class=&#8221;page-heading&#8221;][\/vc_column][\/vc_row][vc_row][vc_column]   <div class=\"uk-panel wv-hoverbox-01 \">\r\n\r\n          <figure class=\"uk-overlay uk-overlay-hover\" style=\"width:100%;\">\r\n              <div class=\"bg-holder\" style=\"height:400px;background-image:url('https:\/\/hsv-gmbh.de\/wp-content\/uploads\/2018\/11\/lohnpack82-1024x487.jpg')\">\r\n\r\n              <\/div>\r\n              \r\n\r\n<\/figure><\/div>[\/vc_column][\/vc_row][vc_row css=&#8221;.vc_custom_1525268446176{margin-top: 20px !important;}&#8221;][vc_column width=&#8221;1\/2&#8243;][vc_column_text]Unser Erfolg baut auf eine Unternehmenskultur auf, in der zwischenmenschliche Werte und ein kollegiales Miteinander die Basis im t\u00e4glichen Umgang bilden. Engagierte, gut ausgebildete und motivierte Mitarbeiter sind die Grundlage f\u00fcr unseren Erfolg als Abf\u00fcllanlagenhersteller.<\/p>\r\n<p>Wenn Sie nach Ver\u00e4nderung, neuen Impulsen und anspruchsvollen Herausforderungen suchen die zudem Chancen und individuellen Gestaltungsspielraum bieten, sind Sie bei uns genau richtig.<\/p>\r\n<p>Der Sondermaschinenbau bietet Ihnen ein attraktives Arbeitsumfeld. Ob Vertrieb, Konstruktion, Planung, Einkauf oder Montage \u2013 die HSV bietet viele Perspektiven und spannende Aufgaben.[\/vc_column_text][\/vc_column][vc_column width=&#8221;1\/2&#8243;][vc_custom_heading text=&#8221;Wir suchen Sie! Hier geht\u2019s zu den Stellenangeboten.&#8221; use_theme_fonts=&#8221;yes&#8221; el_class=&#8221;heading-small&#8221;][vc_column_text]Qualifizierte, motivierte und loyale Mitarbeiter sind die Antriebsfedern unserer Wettbewerbsf\u00e4higkeit. Auf engagierte Teamplayer warten bei uns interessante Aufgaben.<\/p>\r\n<p>Wenn es um unser Personal geht denken wir langfristig und zukunftsorientiert. Wir investieren gerne in das Potenzial unserer Mitarbeiter da der Sondermaschinenbau eine innovativ und anspruchsvolle Branche ist.<\/p>\r\n<p>Sch\u00fclerinnen und Sch\u00fcler, Studierende, Berufseinsteiger und Berufserfahrene sind bei HSV herzlich willkommen. Die Stellenausschreibungen sind so vielf\u00e4ltig wie unsere unternehmerischen Aufgaben.<\/p>\r\n<p>Detaillierte Anforderungen der Maschinenbau Jobs entnehmen Sie der jeweiligen Stellenausschreibung. Hier finden Sie die aktuellen Stellenangebote der HSV:<\/p>\r\n<h4>Aktuelle Stellenangebote der HSV Sondermaschinenbau GmbH in Asperg<\/h4>\r\n<p>&#8211; Elektrokonstrukteur Sondermaschinenbau m\/w\/d &#8211; <a class=\"content-lnk\" href=\"https:\/\/www.lohnpack.info\/wp-content\/uploads\/2022\/06\/Stellenausschreibung-Elektrokonstrukteur-HSV.pdf\">Stellenausschreibung<\/a>[\/vc_column_text][\/vc_column][\/vc_row][\/vc_section]<\/p>\r\n<\/div>","protected":false},"excerpt":{"rendered":"<p>[vc_section][vc_row css=&#8221;.vc_custom_1525785349388{margin-bottom: 30px !important;}&#8221;][vc_column][vc_custom_heading text=&#8221;Maschinenbau Jobs bei der HSV.&#8221; font_container=&#8221;tag:h1|text_align:left&#8221; use_theme_fonts=&#8221;yes&#8221; el_class=&#8221;page-heading&#8221;][\/vc_column][\/vc_row][vc_row][vc_column][\/vc_column][\/vc_row][vc_row css=&#8221;.vc_custom_1525268446176{margin-top: 20px !important;}&#8221;][vc_column width=&#8221;1\/2&#8243;][vc_column_text]Unser Erfolg baut auf eine Unternehmenskultur auf, in der zwischenmenschliche Werte und ein kollegiales Miteinander die Basis im t\u00e4glichen Umgang bilden. Engagierte, gut ausgebildete und motivierte Mitarbeiter sind die Grundlage f\u00fcr unseren Erfolg als Abf\u00fcllanlagenhersteller. Wenn Sie nach Ver\u00e4nderung, neuen [&hellip;]<\/p>\n","protected":false},"author":1,"featured_media":0,"parent":14,"menu_order":0,"comment_status":"closed","ping_status":"closed","template":"","meta":{"footnotes":""},"class_list":["post-98","page","type-page","status-publish","hentry"],"yoast_head":"<!-- This site is optimized with the Yoast SEO plugin v23.5 - https:\/\/yoast.com\/wordpress\/plugins\/seo\/ -->\n<title>Stellenangebote - HSV GmbH<\/title>\n<meta name=\"description\" content=\"Maschinenbau Jobs bei der HSV \u2013 hier werden Chancen geschaffen und spannende Herausforderungen gemeistert. Bewerben Sie sich jetzt!\" \/>\n<meta name=\"robots\" content=\"index, follow, max-snippet:-1, max-image-preview:large, max-video-preview:-1\" \/>\n<link rel=\"canonical\" href=\"https:\/\/hsv-gmbh.de\/karriere\/stellenangebote\/\" \/>\n<meta property=\"og:locale\" content=\"en_US\" \/>\n<meta property=\"og:type\" content=\"article\" \/>\n<meta property=\"og:title\" content=\"Stellenangebote - HSV GmbH\" \/>\n<meta property=\"og:description\" content=\"{:de}Maschinenbau Jobs bei der HSV \u2013 hier werden Chancen geschaffen und spannende Herausforderungen gemeistert. Bewerben Sie sich jetzt!{:}\" \/>\n<meta property=\"og:url\" content=\"https:\/\/hsv-gmbh.de\/karriere\/stellenangebote\/\" \/>\n<meta property=\"og:site_name\" content=\"HSV GmbH\" \/>\n<meta property=\"article:modified_time\" content=\"2026-01-30T19:59:35+00:00\" \/>\n<meta name=\"twitter:card\" content=\"summary_large_image\" \/>\n<meta name=\"twitter:label1\" content=\"Est. reading time\" \/>\n\t<meta name=\"twitter:data1\" content=\"2 minutes\" \/>\n<script type=\"application\/ld+json\" class=\"yoast-schema-graph\">{\"@context\":\"https:\/\/schema.org\",\"@graph\":[{\"@type\":\"WebPage\",\"@id\":\"https:\/\/hsv-gmbh.de\/karriere\/stellenangebote\/\",\"url\":\"https:\/\/hsv-gmbh.de\/karriere\/stellenangebote\/\",\"name\":\"Stellenangebote - HSV GmbH\",\"isPartOf\":{\"@id\":\"https:\/\/hsv-gmbh.de\/#website\"},\"datePublished\":\"2018-05-02T12:05:04+00:00\",\"dateModified\":\"2026-01-30T19:59:35+00:00\",\"description\":\"{:de}Maschinenbau Jobs bei der HSV \u2013 hier werden Chancen geschaffen und spannende Herausforderungen gemeistert. Bewerben Sie sich jetzt!{:}\",\"breadcrumb\":{\"@id\":\"https:\/\/hsv-gmbh.de\/karriere\/stellenangebote\/#breadcrumb\"},\"inLanguage\":\"en-US\",\"potentialAction\":[{\"@type\":\"ReadAction\",\"target\":[\"https:\/\/hsv-gmbh.de\/karriere\/stellenangebote\/\"]}]},{\"@type\":\"BreadcrumbList\",\"@id\":\"https:\/\/hsv-gmbh.de\/karriere\/stellenangebote\/#breadcrumb\",\"itemListElement\":[{\"@type\":\"ListItem\",\"position\":1,\"name\":\"Startseite\",\"item\":\"https:\/\/hsv-gmbh.de\/\"},{\"@type\":\"ListItem\",\"position\":2,\"name\":\"Karriere\",\"item\":\"https:\/\/hsv-gmbh.de\/karriere\/\"},{\"@type\":\"ListItem\",\"position\":3,\"name\":\"Stellenangebote\"}]},{\"@type\":\"WebSite\",\"@id\":\"https:\/\/hsv-gmbh.de\/#website\",\"url\":\"https:\/\/hsv-gmbh.de\/\",\"name\":\"HSV GmbH\",\"description\":\"Sondermaschinenbau\",\"potentialAction\":[{\"@type\":\"SearchAction\",\"target\":{\"@type\":\"EntryPoint\",\"urlTemplate\":\"https:\/\/hsv-gmbh.de\/?s={search_term_string}\"},\"query-input\":{\"@type\":\"PropertyValueSpecification\",\"valueRequired\":true,\"valueName\":\"search_term_string\"}}],\"inLanguage\":\"en-US\"}]}<\/script>\n<!-- \/ Yoast SEO plugin. -->","yoast_head_json":{"title":"Stellenangebote - HSV GmbH","description":"Maschinenbau Jobs bei der HSV \u2013 hier werden Chancen geschaffen und spannende Herausforderungen gemeistert. Bewerben Sie sich jetzt!","robots":{"index":"index","follow":"follow","max-snippet":"max-snippet:-1","max-image-preview":"max-image-preview:large","max-video-preview":"max-video-preview:-1"},"canonical":"https:\/\/hsv-gmbh.de\/karriere\/stellenangebote\/","og_locale":"en_US","og_type":"article","og_title":"Stellenangebote - HSV GmbH","og_description":"{:de}Maschinenbau Jobs bei der HSV \u2013 hier werden Chancen geschaffen und spannende Herausforderungen gemeistert. Bewerben Sie sich jetzt!{:}","og_url":"https:\/\/hsv-gmbh.de\/karriere\/stellenangebote\/","og_site_name":"HSV GmbH","article_modified_time":"2026-01-30T19:59:35+00:00","twitter_card":"summary_large_image","twitter_misc":{"Est. reading time":"2 minutes"},"schema":{"@context":"https:\/\/schema.org","@graph":[{"@type":"WebPage","@id":"https:\/\/hsv-gmbh.de\/karriere\/stellenangebote\/","url":"https:\/\/hsv-gmbh.de\/karriere\/stellenangebote\/","name":"Stellenangebote - HSV GmbH","isPartOf":{"@id":"https:\/\/hsv-gmbh.de\/#website"},"datePublished":"2018-05-02T12:05:04+00:00","dateModified":"2026-01-30T19:59:35+00:00","description":"{:de}Maschinenbau Jobs bei der HSV \u2013 hier werden Chancen geschaffen und spannende Herausforderungen gemeistert. Bewerben Sie sich jetzt!{:}","breadcrumb":{"@id":"https:\/\/hsv-gmbh.de\/karriere\/stellenangebote\/#breadcrumb"},"inLanguage":"en-US","potentialAction":[{"@type":"ReadAction","target":["https:\/\/hsv-gmbh.de\/karriere\/stellenangebote\/"]}]},{"@type":"BreadcrumbList","@id":"https:\/\/hsv-gmbh.de\/karriere\/stellenangebote\/#breadcrumb","itemListElement":[{"@type":"ListItem","position":1,"name":"Startseite","item":"https:\/\/hsv-gmbh.de\/"},{"@type":"ListItem","position":2,"name":"Karriere","item":"https:\/\/hsv-gmbh.de\/karriere\/"},{"@type":"ListItem","position":3,"name":"Stellenangebote"}]},{"@type":"WebSite","@id":"https:\/\/hsv-gmbh.de\/#website","url":"https:\/\/hsv-gmbh.de\/","name":"HSV GmbH","description":"Sondermaschinenbau","potentialAction":[{"@type":"SearchAction","target":{"@type":"EntryPoint","urlTemplate":"https:\/\/hsv-gmbh.de\/?s={search_term_string}"},"query-input":{"@type":"PropertyValueSpecification","valueRequired":true,"valueName":"search_term_string"}}],"inLanguage":"en-US"}]}},"_links":{"self":[{"href":"https:\/\/hsv-gmbh.de\/en\/wp-json\/wp\/v2\/pages\/98"}],"collection":[{"href":"https:\/\/hsv-gmbh.de\/en\/wp-json\/wp\/v2\/pages"}],"about":[{"href":"https:\/\/hsv-gmbh.de\/en\/wp-json\/wp\/v2\/types\/page"}],"author":[{"embeddable":true,"href":"https:\/\/hsv-gmbh.de\/en\/wp-json\/wp\/v2\/users\/1"}],"replies":[{"embeddable":true,"href":"https:\/\/hsv-gmbh.de\/en\/wp-json\/wp\/v2\/comments?post=98"}],"version-history":[{"count":24,"href":"https:\/\/hsv-gmbh.de\/en\/wp-json\/wp\/v2\/pages\/98\/revisions"}],"predecessor-version":[{"id":532,"href":"https:\/\/hsv-gmbh.de\/en\/wp-json\/wp\/v2\/pages\/98\/revisions\/532"}],"up":[{"embeddable":true,"href":"https:\/\/hsv-gmbh.de\/en\/wp-json\/wp\/v2\/pages\/14"}],"wp:attachment":[{"href":"https:\/\/hsv-gmbh.de\/en\/wp-json\/wp\/v2\/media?parent=98"}],"curies":[{"name":"wp","href":"https:\/\/api.w.org\/{rel}","templated":true}]}}